{"id":5714,"date":"2025-08-14T16:08:07","date_gmt":"2025-08-14T13:08:07","guid":{"rendered":"https:\/\/medi.ee\/%d0%be-%d0%bd%d0%b0%d1%81\/%d0%b2%d0%b8%d0%b4%d0%b5%d0%bd%d0%b8%d0%b5-%d0%b8-%d0%bc%d0%b8%d1%81%d1%81%d0%b8%d1%8f\/"},"modified":"2026-05-03T17:36:50","modified_gmt":"2026-05-03T14:36:50","slug":"%d0%b2%d0%b8%d0%b4%d0%b5%d0%bd%d0%b8%d0%b5-%d0%b8-%d0%bc%d0%b8%d1%81%d1%81%d0%b8%d1%8f","status":"publish","type":"page","link":"https:\/\/medi.ee\/ru\/%d0%be-%d0%bd%d0%b0%d1%81\/%d0%b2%d0%b8%d0%b4%d0%b5%d0%bd%d0%b8%d0%b5-%d0%b8-%d0%bc%d0%b8%d1%81%d1%81%d0%b8%d1%8f\/","title":{"rendered":"\u0412\u0438\u0434\u0435\u043d\u0438\u0435 \u0438 \u043c\u0438\u0441\u0441\u0438\u044f"},"content":{"rendered":"<div id=\"pl-5714\"  class=\"panel-layout\" ><div id=\"pg-5714-0\"  class=\"panel-grid panel-has-style\" ><div class=\"panel-row-style panel-row-style-for-5714-0\" ><div id=\"pgc-5714-0-0\"  class=\"panel-grid-cell\" ><div id=\"panel-5714-0-0-0\" class=\"so-panel widget widget_theme-text panel-first-child panel-last-child\" data-index=\"0\" ><div\n\t\t\t\n\t\t\tclass=\"so-widget-theme-text so-widget-theme-text-base\"\n\t\t\t\n\t\t>\n<div class=\"theme-text-69f87a0eb72ca \" id=\"theme-text-69f87a0eb72ca-content\">\n    <p>Meie visioon on olla <strong>h\u00e4irenuputeenuse turuliider<\/strong> ning <strong>kvaliteetseim<\/strong> ja <strong>hinnatuim koost\u00f6\u00f6partner<\/strong> meie lahenduste tellijatele. Meilt saate l\u00e4bim\u00f5eldud terviklahenduse lisaks h\u00e4irenuputeenusele ka \u00f5ekutses\u00fcsteemina ja personali turvalisuse valdkonnas.<\/p>\n<p>&nbsp;<\/p>\n<p>Meie missioon on <strong>tagada turvalisem elukeskkond inimestele<\/strong> oma kodus, t\u00f6\u00f6l ja hoolekandeasutustes, et hoida \u00e4ra kurbade tagaj\u00e4rgedega \u00f5nnetused.<\/p>\n<p>&nbsp;<\/p>\n<p>Meie usume, et ka<strong> eakatel<\/strong> ja <strong>liikumisraskustega inimestel on v\u00f5imalik iseseisev<\/strong> ning <strong>turvaline elu!<\/strong><\/p>\n<\/div>\n\n<style>.theme-text-69f87a0eb72ca{color:#333;font-weight:400;font-size:1rem;line-height:{inherit};margin:0 0 0 0;padding:0 0 0 0;text-align:left}.theme-text-69f87a0eb72ca.text-truncated{display:-webkit-box;-webkit-box-orient:vertical;-webkit-line-clamp:0;overflow:hidden;text-overflow:ellipsis}@media (max-width:767px){.theme-text-69f87a0eb72ca{font-size:.9rem;line-height:{inherit};margin:0 0 0 0;padding:0 0 0 0;text-align:left}}<\/style><\/div><\/div><\/div><\/div><\/div><\/div>","protected":false},"excerpt":{"rendered":"<p>Meie visioon on olla h\u00e4irenuputeenuse turuliider ning kvaliteetseim ja hinnatuim koost\u00f6\u00f6partner meie lahenduste tellijatele. Meilt saate l\u00e4bim\u00f5eldud terviklahenduse lisaks h\u00e4irenuputeenusele ka \u00f5ekutses\u00fcsteemina ja personali turvalisuse valdkonnas. &nbsp; Meie missioon on tagada turvalisem elukeskkond inimestele oma kodus, t\u00f6\u00f6l ja hoolekandeasutustes, et hoida \u00e4ra kurbade tagaj\u00e4rgedega \u00f5nnetused. &nbsp; Meie usume, et ka eakatel ja liikumisraskustega inimestel on [&hellip;]<\/p>\n","protected":false},"author":1,"featured_media":0,"parent":5402,"menu_order":0,"comment_status":"closed","ping_status":"closed","template":"","meta":{"_acf_changed":false,"footnotes":""},"class_list":["post-5714","page","type-page","status-publish","hentry"],"acf":[],"yoast_head":"<!-- This site is optimized with the Yoast SEO plugin v27.3 - https:\/\/yoast.com\/product\/yoast-seo-wordpress\/ -->\n<title>\u0412\u0438\u0434\u0435\u043d\u0438\u0435 \u0438 \u043c\u0438\u0441\u0441\u0438\u044f | Medi.ee h\u00e4irenuputeenus<\/title>\n<meta name=\"description\" content=\"Medi h\u00e4irenuputeenus on eakatele ja puuetega inimestele m\u00f5eldud sotsiaalne valveteenus, mille abil saab alati \u00fche nupuvajutusega abi kutsuda!\" \/>\n<meta name=\"robots\" content=\"index, follow, max-snippet:-1, max-image-preview:large, max-video-preview:-1\" \/>\n<link rel=\"canonical\" href=\"https:\/\/medi.ee\/ru\/\u043e-\u043d\u0430\u0441\/\u0432\u0438\u0434\u0435\u043d\u0438\u0435-\u0438-\u043c\u0438\u0441\u0441\u0438\u044f\/\" \/>\n<meta property=\"og:locale\" content=\"ru_RU\" \/>\n<meta property=\"og:type\" content=\"article\" \/>\n<meta property=\"og:title\" content=\"\u0412\u0438\u0434\u0435\u043d\u0438\u0435 \u0438 \u043c\u0438\u0441\u0441\u0438\u044f | Medi.ee h\u00e4irenuputeenus\" \/>\n<meta property=\"og:description\" content=\"Medi h\u00e4irenuputeenus on eakatele ja puuetega inimestele m\u00f5eldud sotsiaalne valveteenus, mille abil saab alati \u00fche nupuvajutusega abi kutsuda!\" \/>\n<meta property=\"og:url\" content=\"https:\/\/medi.ee\/ru\/\u043e-\u043d\u0430\u0441\/\u0432\u0438\u0434\u0435\u043d\u0438\u0435-\u0438-\u043c\u0438\u0441\u0441\u0438\u044f\/\" \/>\n<meta property=\"og:site_name\" content=\"Medi.ee h\u00e4irenuputeenus\" \/>\n<meta property=\"article:publisher\" content=\"https:\/\/www.facebook.com\/medi.ee\" \/>\n<meta property=\"article:modified_time\" content=\"2026-05-03T14:36:50+00:00\" \/>\n<meta property=\"og:image\" content=\"https:\/\/medi.ee\/wp-content\/uploads\/2025\/09\/Group.jpg\" \/>\n\t<meta property=\"og:image:width\" content=\"1600\" \/>\n\t<meta property=\"og:image:height\" content=\"728\" \/>\n\t<meta property=\"og:image:type\" content=\"image\/jpeg\" \/>\n<meta name=\"twitter:card\" content=\"summary_large_image\" \/>\n<script type=\"application\/ld+json\" class=\"yoast-schema-graph\">{\"@context\":\"https:\\\/\\\/schema.org\",\"@graph\":[{\"@type\":\"WebPage\",\"@id\":\"https:\\\/\\\/medi.ee\\\/ru\\\/%d0%be-%d0%bd%d0%b0%d1%81\\\/%d0%b2%d0%b8%d0%b4%d0%b5%d0%bd%d0%b8%d0%b5-%d0%b8-%d0%bc%d0%b8%d1%81%d1%81%d0%b8%d1%8f\\\/\",\"url\":\"https:\\\/\\\/medi.ee\\\/ru\\\/%d0%be-%d0%bd%d0%b0%d1%81\\\/%d0%b2%d0%b8%d0%b4%d0%b5%d0%bd%d0%b8%d0%b5-%d0%b8-%d0%bc%d0%b8%d1%81%d1%81%d0%b8%d1%8f\\\/\",\"name\":\"\u0412\u0438\u0434\u0435\u043d\u0438\u0435 \u0438 \u043c\u0438\u0441\u0441\u0438\u044f | Medi.ee h\u00e4irenuputeenus\",\"isPartOf\":{\"@id\":\"https:\\\/\\\/www.medi.ee\\\/ru\\\/#website\"},\"datePublished\":\"2025-08-14T13:08:07+00:00\",\"dateModified\":\"2026-05-03T14:36:50+00:00\",\"description\":\"Medi h\u00e4irenuputeenus on eakatele ja puuetega inimestele m\u00f5eldud sotsiaalne valveteenus, mille abil saab alati \u00fche nupuvajutusega abi kutsuda!\",\"breadcrumb\":{\"@id\":\"https:\\\/\\\/medi.ee\\\/ru\\\/%d0%be-%d0%bd%d0%b0%d1%81\\\/%d0%b2%d0%b8%d0%b4%d0%b5%d0%bd%d0%b8%d0%b5-%d0%b8-%d0%bc%d0%b8%d1%81%d1%81%d0%b8%d1%8f\\\/#breadcrumb\"},\"inLanguage\":\"ru-RU\",\"potentialAction\":[{\"@type\":\"ReadAction\",\"target\":[\"https:\\\/\\\/medi.ee\\\/ru\\\/%d0%be-%d0%bd%d0%b0%d1%81\\\/%d0%b2%d0%b8%d0%b4%d0%b5%d0%bd%d0%b8%d0%b5-%d0%b8-%d0%bc%d0%b8%d1%81%d1%81%d0%b8%d1%8f\\\/\"]}]},{\"@type\":\"BreadcrumbList\",\"@id\":\"https:\\\/\\\/medi.ee\\\/ru\\\/%d0%be-%d0%bd%d0%b0%d1%81\\\/%d0%b2%d0%b8%d0%b4%d0%b5%d0%bd%d0%b8%d0%b5-%d0%b8-%d0%bc%d0%b8%d1%81%d1%81%d0%b8%d1%8f\\\/#breadcrumb\",\"itemListElement\":[{\"@type\":\"ListItem\",\"position\":1,\"name\":\"Home\",\"item\":\"https:\\\/\\\/medi.ee\\\/ru\\\/esileht\\\/\"},{\"@type\":\"ListItem\",\"position\":2,\"name\":\"\u041e \u0441\u0430\u0439\u0442\u0435\",\"item\":\"https:\\\/\\\/medi.ee\\\/ru\\\/%d0%be-%d0%bd%d0%b0%d1%81\\\/\"},{\"@type\":\"ListItem\",\"position\":3,\"name\":\"\u0412\u0438\u0434\u0435\u043d\u0438\u0435 \u0438 \u043c\u0438\u0441\u0441\u0438\u044f\"}]},{\"@type\":\"WebSite\",\"@id\":\"https:\\\/\\\/www.medi.ee\\\/ru\\\/#website\",\"url\":\"https:\\\/\\\/www.medi.ee\\\/ru\\\/\",\"name\":\"Medi.ee h\u00e4irenuputeenus\",\"description\":\"Medi osutab professionaalset h\u00e4irenuputeenust, muid iseseisva turvalise elamise lahendusi, erinevaid \u00f5ekutses\u00fcsteeme hooldekodudele ja t\u00f6\u00f6taja turvalisuse lahendusi ettev\u00f5tetele.\",\"publisher\":{\"@id\":\"https:\\\/\\\/www.medi.ee\\\/ru\\\/#organization\"},\"potentialAction\":[{\"@type\":\"SearchAction\",\"target\":{\"@type\":\"EntryPoint\",\"urlTemplate\":\"https:\\\/\\\/www.medi.ee\\\/ru\\\/?s={search_term_string}\"},\"query-input\":{\"@type\":\"PropertyValueSpecification\",\"valueRequired\":true,\"valueName\":\"search_term_string\"}}],\"inLanguage\":\"ru-RU\"},{\"@type\":\"Organization\",\"@id\":\"https:\\\/\\\/www.medi.ee\\\/ru\\\/#organization\",\"name\":\"Medi.ee h\u00e4irenuputeenus\",\"url\":\"https:\\\/\\\/www.medi.ee\\\/ru\\\/\",\"logo\":{\"@type\":\"ImageObject\",\"inLanguage\":\"ru-RU\",\"@id\":\"https:\\\/\\\/www.medi.ee\\\/ru\\\/#\\\/schema\\\/logo\\\/image\\\/\",\"url\":\"https:\\\/\\\/medi.ee\\\/wp-content\\\/uploads\\\/2025\\\/09\\\/medi-logo.jpg\",\"contentUrl\":\"https:\\\/\\\/medi.ee\\\/wp-content\\\/uploads\\\/2025\\\/09\\\/medi-logo.jpg\",\"width\":600,\"height\":600,\"caption\":\"Medi.ee h\u00e4irenuputeenus\"},\"image\":{\"@id\":\"https:\\\/\\\/www.medi.ee\\\/ru\\\/#\\\/schema\\\/logo\\\/image\\\/\"},\"sameAs\":[\"https:\\\/\\\/www.facebook.com\\\/medi.ee\",\"https:\\\/\\\/ee.linkedin.com\\\/company\\\/meditech-estonia\",\"https:\\\/\\\/www.instagram.com\\\/medi.hairenupp\\\/\"]}]}<\/script>\n<!-- \/ Yoast SEO plugin. -->","yoast_head_json":{"title":"\u0412\u0438\u0434\u0435\u043d\u0438\u0435 \u0438 \u043c\u0438\u0441\u0441\u0438\u044f | Medi.ee h\u00e4irenuputeenus","description":"Medi h\u00e4irenuputeenus on eakatele ja puuetega inimestele m\u00f5eldud sotsiaalne valveteenus, mille abil saab alati \u00fche nupuvajutusega abi kutsuda!","robots":{"index":"index","follow":"follow","max-snippet":"max-snippet:-1","max-image-preview":"max-image-preview:large","max-video-preview":"max-video-preview:-1"},"canonical":"https:\/\/medi.ee\/ru\/\u043e-\u043d\u0430\u0441\/\u0432\u0438\u0434\u0435\u043d\u0438\u0435-\u0438-\u043c\u0438\u0441\u0441\u0438\u044f\/","og_locale":"ru_RU","og_type":"article","og_title":"\u0412\u0438\u0434\u0435\u043d\u0438\u0435 \u0438 \u043c\u0438\u0441\u0441\u0438\u044f | Medi.ee h\u00e4irenuputeenus","og_description":"Medi h\u00e4irenuputeenus on eakatele ja puuetega inimestele m\u00f5eldud sotsiaalne valveteenus, mille abil saab alati \u00fche nupuvajutusega abi kutsuda!","og_url":"https:\/\/medi.ee\/ru\/\u043e-\u043d\u0430\u0441\/\u0432\u0438\u0434\u0435\u043d\u0438\u0435-\u0438-\u043c\u0438\u0441\u0441\u0438\u044f\/","og_site_name":"Medi.ee h\u00e4irenuputeenus","article_publisher":"https:\/\/www.facebook.com\/medi.ee","article_modified_time":"2026-05-03T14:36:50+00:00","og_image":[{"width":1600,"height":728,"url":"https:\/\/medi.ee\/wp-content\/uploads\/2025\/09\/Group.jpg","type":"image\/jpeg"}],"twitter_card":"summary_large_image","schema":{"@context":"https:\/\/schema.org","@graph":[{"@type":"WebPage","@id":"https:\/\/medi.ee\/ru\/%d0%be-%d0%bd%d0%b0%d1%81\/%d0%b2%d0%b8%d0%b4%d0%b5%d0%bd%d0%b8%d0%b5-%d0%b8-%d0%bc%d0%b8%d1%81%d1%81%d0%b8%d1%8f\/","url":"https:\/\/medi.ee\/ru\/%d0%be-%d0%bd%d0%b0%d1%81\/%d0%b2%d0%b8%d0%b4%d0%b5%d0%bd%d0%b8%d0%b5-%d0%b8-%d0%bc%d0%b8%d1%81%d1%81%d0%b8%d1%8f\/","name":"\u0412\u0438\u0434\u0435\u043d\u0438\u0435 \u0438 \u043c\u0438\u0441\u0441\u0438\u044f | Medi.ee h\u00e4irenuputeenus","isPartOf":{"@id":"https:\/\/www.medi.ee\/ru\/#website"},"datePublished":"2025-08-14T13:08:07+00:00","dateModified":"2026-05-03T14:36:50+00:00","description":"Medi h\u00e4irenuputeenus on eakatele ja puuetega inimestele m\u00f5eldud sotsiaalne valveteenus, mille abil saab alati \u00fche nupuvajutusega abi kutsuda!","breadcrumb":{"@id":"https:\/\/medi.ee\/ru\/%d0%be-%d0%bd%d0%b0%d1%81\/%d0%b2%d0%b8%d0%b4%d0%b5%d0%bd%d0%b8%d0%b5-%d0%b8-%d0%bc%d0%b8%d1%81%d1%81%d0%b8%d1%8f\/#breadcrumb"},"inLanguage":"ru-RU","potentialAction":[{"@type":"ReadAction","target":["https:\/\/medi.ee\/ru\/%d0%be-%d0%bd%d0%b0%d1%81\/%d0%b2%d0%b8%d0%b4%d0%b5%d0%bd%d0%b8%d0%b5-%d0%b8-%d0%bc%d0%b8%d1%81%d1%81%d0%b8%d1%8f\/"]}]},{"@type":"BreadcrumbList","@id":"https:\/\/medi.ee\/ru\/%d0%be-%d0%bd%d0%b0%d1%81\/%d0%b2%d0%b8%d0%b4%d0%b5%d0%bd%d0%b8%d0%b5-%d0%b8-%d0%bc%d0%b8%d1%81%d1%81%d0%b8%d1%8f\/#breadcrumb","itemListElement":[{"@type":"ListItem","position":1,"name":"Home","item":"https:\/\/medi.ee\/ru\/esileht\/"},{"@type":"ListItem","position":2,"name":"\u041e \u0441\u0430\u0439\u0442\u0435","item":"https:\/\/medi.ee\/ru\/%d0%be-%d0%bd%d0%b0%d1%81\/"},{"@type":"ListItem","position":3,"name":"\u0412\u0438\u0434\u0435\u043d\u0438\u0435 \u0438 \u043c\u0438\u0441\u0441\u0438\u044f"}]},{"@type":"WebSite","@id":"https:\/\/www.medi.ee\/ru\/#website","url":"https:\/\/www.medi.ee\/ru\/","name":"Medi.ee h\u00e4irenuputeenus","description":"Medi osutab professionaalset h\u00e4irenuputeenust, muid iseseisva turvalise elamise lahendusi, erinevaid \u00f5ekutses\u00fcsteeme hooldekodudele ja t\u00f6\u00f6taja turvalisuse lahendusi ettev\u00f5tetele.","publisher":{"@id":"https:\/\/www.medi.ee\/ru\/#organization"},"potentialAction":[{"@type":"SearchAction","target":{"@type":"EntryPoint","urlTemplate":"https:\/\/www.medi.ee\/ru\/?s={search_term_string}"},"query-input":{"@type":"PropertyValueSpecification","valueRequired":true,"valueName":"search_term_string"}}],"inLanguage":"ru-RU"},{"@type":"Organization","@id":"https:\/\/www.medi.ee\/ru\/#organization","name":"Medi.ee h\u00e4irenuputeenus","url":"https:\/\/www.medi.ee\/ru\/","logo":{"@type":"ImageObject","inLanguage":"ru-RU","@id":"https:\/\/www.medi.ee\/ru\/#\/schema\/logo\/image\/","url":"https:\/\/medi.ee\/wp-content\/uploads\/2025\/09\/medi-logo.jpg","contentUrl":"https:\/\/medi.ee\/wp-content\/uploads\/2025\/09\/medi-logo.jpg","width":600,"height":600,"caption":"Medi.ee h\u00e4irenuputeenus"},"image":{"@id":"https:\/\/www.medi.ee\/ru\/#\/schema\/logo\/image\/"},"sameAs":["https:\/\/www.facebook.com\/medi.ee","https:\/\/ee.linkedin.com\/company\/meditech-estonia","https:\/\/www.instagram.com\/medi.hairenupp\/"]}]}},"_links":{"self":[{"href":"https:\/\/medi.ee\/ru\/wp-json\/wp\/v2\/pages\/5714","targetHints":{"allow":["GET"]}}],"collection":[{"href":"https:\/\/medi.ee\/ru\/wp-json\/wp\/v2\/pages"}],"about":[{"href":"https:\/\/medi.ee\/ru\/wp-json\/wp\/v2\/types\/page"}],"author":[{"embeddable":true,"href":"https:\/\/medi.ee\/ru\/wp-json\/wp\/v2\/users\/1"}],"replies":[{"embeddable":true,"href":"https:\/\/medi.ee\/ru\/wp-json\/wp\/v2\/comments?post=5714"}],"version-history":[{"count":1,"href":"https:\/\/medi.ee\/ru\/wp-json\/wp\/v2\/pages\/5714\/revisions"}],"predecessor-version":[{"id":5715,"href":"https:\/\/medi.ee\/ru\/wp-json\/wp\/v2\/pages\/5714\/revisions\/5715"}],"up":[{"embeddable":true,"href":"https:\/\/medi.ee\/ru\/wp-json\/wp\/v2\/pages\/5402"}],"wp:attachment":[{"href":"https:\/\/medi.ee\/ru\/wp-json\/wp\/v2\/media?parent=5714"}],"curies":[{"name":"wp","href":"https:\/\/api.w.org\/{rel}","templated":true}]}}