{"id":5672,"date":"2025-09-16T20:27:17","date_gmt":"2025-09-16T17:27:17","guid":{"rendered":"https:\/\/medi.ee\/%d0%b4%d0%b0%d1%82%d1%87%d0%b8%d0%ba-%d0%b4%d0%b2%d0%b8%d0%b6%d0%b5%d0%bd%d0%b8%d1%8f-dobe\/"},"modified":"2026-05-03T17:01:40","modified_gmt":"2026-05-03T14:01:40","slug":"%d0%b4%d0%b0%d1%82%d1%87%d0%b8%d0%ba-%d0%b4%d0%b2%d0%b8%d0%b6%d0%b5%d0%bd%d0%b8%d1%8f-dobe","status":"publish","type":"page","link":"https:\/\/medi.ee\/ru\/%d1%83%d1%81%d0%bb%d1%83%d0%b3%d0%b0-%d1%82%d1%80%d0%b5%d0%b2%d0%be%d0%b6%d0%bd%d0%be%d0%b9-%d0%ba%d0%bd%d0%be%d0%bf%d0%ba%d0%b8\/%d0%b4%d0%be%d0%bf%d0%be%d0%bb%d0%bd%d0%b8%d1%82%d0%b5%d0%bb%d1%8c%d0%bd%d1%8b%d0%b5-%d0%b4%d0%b0%d1%82%d1%87%d0%b8%d0%ba%d0%b8\/%d0%b4%d0%b0%d1%82%d1%87%d0%b8%d0%ba-%d0%b4%d0%b2%d0%b8%d0%b6%d0%b5%d0%bd%d0%b8%d1%8f-dobe\/","title":{"rendered":"\u0414\u0430\u0442\u0447\u0438\u043a \u0434\u0432\u0438\u0436\u0435\u043d\u0438\u044f Dobe"},"content":{"rendered":"<div id=\"pl-5672\"  class=\"panel-layout\" ><div id=\"pg-5672-0\"  class=\"panel-grid panel-has-style\" ><div class=\"panel-row-style panel-row-style-for-5672-0\" ><div id=\"pgc-5672-0-0\"  class=\"panel-grid-cell\" ><div id=\"panel-5672-0-0-0\" class=\"so-panel widget widget_theme-text panel-first-child panel-last-child\" data-index=\"0\" ><div\n\t\t\t\n\t\t\tclass=\"so-widget-theme-text so-widget-theme-text-base\"\n\t\t\t\n\t\t>\n<div class=\"theme-text-69f87760ee672 text-truncated\" id=\"theme-text-69f87760ee672-content\">\n    <p>Liikumisanduri p\u00f5hiomadused:<\/p>\n<ul>\n<li><strong>Tuvastab liikumist<\/strong>\u00a0v\u00f5i<strong>\u00a0liikumatust<\/strong><\/li>\n<li><strong>Aktiveerudes automaatne h\u00e4irek\u00f5ne<\/strong><\/li>\n<li><strong>Seadistatav aeg<\/strong>, millal liikumist tuvastada<\/li>\n<li><strong>Patareitoitel,\u00a0ei vaja mingit kaabeldust<\/strong><\/li>\n<\/ul>\n<p>Infrapunaga liikumisandur tuvastab hoolealuse toast\u00a0v\u00f5i ka voodist lahkumise. Liikumisandur saab tuvastada nii liikumist kui ka liikumatust etteantud ajaperioodi\u00a0jooksul. Kui hoolealune\u00a0ei naase liikumisanduri vaatev\u00e4lja n\u00e4iteks 12 tunni joosul, algatab andur automaatse h\u00e4irek\u00f5ne Medi abikeskuse operaatorile.<\/p>\n<p>Liikumisandurit saab panna liikumist v\u00f5i mitteliikumist tuvastama ka vaid soovitud tundidel \u00f6\u00f6p\u00e4evast. See on kasulik omadus, kui hoolealune ei peaks n\u00e4iteks \u00f6\u00f6sel toast lahkuma v\u00f5i kui p\u00e4evasel ajal soovitud aja jooksul toas mingit liikumist ei tuvastata, genereeritakse automaatne h\u00e4irek\u00f5ne.<\/p>\n<\/div>\n    <a href=\"#\" class=\"read-more-link\" data-target=\"theme-text-69f87760ee672-content\">Loe rohkem<\/a>\n    <script>\n        document.addEventListener('DOMContentLoaded', function() {\n            const link = document.querySelector('.theme-text-69f87760ee672 + .read-more-link');\n            const content = document.querySelector('#theme-text-69f87760ee672-content');\n            if (link && content) {\n                link.addEventListener('click', function(e) {\n                    e.preventDefault();\n                    content.classList.remove('text-truncated');\n                    link.style.display = 'none';\n                });\n            }\n        });\n    <\/script>\n\n<style>.theme-text-69f87760ee672{color:#333;font-weight:400;font-size:1rem;line-height:{normal};margin:0 0 0 0;padding:0 0 0 0;text-align:left}.theme-text-69f87760ee672.text-truncated{display:-webkit-box;-webkit-box-orient:vertical;-webkit-line-clamp:8;overflow:hidden;text-overflow:ellipsis}@media (max-width:767px){.theme-text-69f87760ee672{font-size:.9rem;line-height:{normal};margin:0 0 0 0;padding:0 0 0 0;text-align:left}}<\/style><\/div><\/div><\/div><div id=\"pgc-5672-0-1\"  class=\"panel-grid-cell\" ><div id=\"panel-5672-0-1-0\" class=\"so-panel widget widget_theme-text panel-first-child panel-last-child\" data-index=\"1\" ><div\n\t\t\t\n\t\t\tclass=\"so-widget-theme-text so-widget-theme-text-base\"\n\t\t\t\n\t\t>\n<div class=\"theme-text-69f87760eedfc text-truncated\" id=\"theme-text-69f87760eedfc-content\">\n    <p><img loading=\"lazy\" decoding=\"async\" class=\"alignnone size-full wp-image-4552\" src=\"https:\/\/medi.ee\/wp-content\/uploads\/2025\/09\/liikumisandur.jpg\" alt=\"\" width=\"500\" height=\"332\" srcset=\"https:\/\/medi.ee\/wp-content\/uploads\/2025\/09\/liikumisandur.jpg 500w, https:\/\/medi.ee\/wp-content\/uploads\/2025\/09\/liikumisandur-300x199.jpg 300w, https:\/\/medi.ee\/wp-content\/uploads\/2025\/09\/liikumisandur-272x182.jpg 272w\" sizes=\"auto, (max-width: 500px) 100vw, 500px\" \/><\/p>\n<p>Infrapuna liikumisandur\u00a0t\u00f6\u00f6tab patareitoitel. Toimub ka automaatne t\u00f6\u00f6korrasoleku kontroll. Kui n\u00e4iteks 52 tunni jooksul hoolekandetelefoniga \u00fchendust luua ei suudeta, saabub Medi tehnilisele platvormile automaatselt sellekohane teade ning me v\u00f5tame tellijaga \u00fchendust, et olukorda kontrollida.<\/p>\n<\/div>\n    <a href=\"#\" class=\"read-more-link\" data-target=\"theme-text-69f87760eedfc-content\">Loe rohkem<\/a>\n    <script>\n        document.addEventListener('DOMContentLoaded', function() {\n            const link = document.querySelector('.theme-text-69f87760eedfc + .read-more-link');\n            const content = document.querySelector('#theme-text-69f87760eedfc-content');\n            if (link && content) {\n                link.addEventListener('click', function(e) {\n                    e.preventDefault();\n                    content.classList.remove('text-truncated');\n                    link.style.display = 'none';\n                });\n            }\n        });\n    <\/script>\n\n<style>.theme-text-69f87760eedfc{color:#333;font-weight:400;font-size:1rem;line-height:{normal};margin:0 0 0 0;padding:0 0 0 0;text-align:left}.theme-text-69f87760eedfc.text-truncated{display:-webkit-box;-webkit-box-orient:vertical;-webkit-line-clamp:4;overflow:hidden;text-overflow:ellipsis}@media (max-width:767px){.theme-text-69f87760eedfc{font-size:.9rem;line-height:{normal};margin:0 0 0 0;padding:0 0 0 0;text-align:left}}<\/style><\/div><\/div><\/div><\/div><\/div><\/div>","protected":false},"excerpt":{"rendered":"<p>Liikumisanduri p\u00f5hiomadused: Tuvastab liikumist\u00a0v\u00f5i\u00a0liikumatust Aktiveerudes automaatne h\u00e4irek\u00f5ne Seadistatav aeg, millal liikumist tuvastada Patareitoitel,\u00a0ei vaja mingit kaabeldust Infrapunaga liikumisandur tuvastab hoolealuse toast\u00a0v\u00f5i ka voodist lahkumise. Liikumisandur saab tuvastada nii liikumist kui ka liikumatust etteantud ajaperioodi\u00a0jooksul. Kui hoolealune\u00a0ei naase liikumisanduri vaatev\u00e4lja n\u00e4iteks 12 tunni joosul, algatab andur automaatse h\u00e4irek\u00f5ne Medi abikeskuse operaatorile. Liikumisandurit saab panna liikumist v\u00f5i [&hellip;]<\/p>\n","protected":false},"author":1,"featured_media":0,"parent":5716,"menu_order":0,"comment_status":"closed","ping_status":"closed","template":"","meta":{"_acf_changed":false,"footnotes":""},"class_list":["post-5672","page","type-page","status-publish","hentry"],"acf":[],"yoast_head":"<!-- This site is optimized with the Yoast SEO plugin v27.3 - https:\/\/yoast.com\/product\/yoast-seo-wordpress\/ -->\n<title>\u0414\u0430\u0442\u0447\u0438\u043a \u0434\u0432\u0438\u0436\u0435\u043d\u0438\u044f Dobe | Medi.ee h\u00e4irenuputeenus<\/title>\n<meta name=\"description\" content=\"Medi h\u00e4irenuputeenus on eakatele ja puuetega inimestele m\u00f5eldud sotsiaalne valveteenus, mille abil saab alati \u00fche nupuvajutusega abi kutsuda!\" \/>\n<meta name=\"robots\" content=\"index, follow, max-snippet:-1, max-image-preview:large, max-video-preview:-1\" \/>\n<link rel=\"canonical\" href=\"https:\/\/medi.ee\/ru\/\u0443\u0441\u043b\u0443\u0433\u0430-\u0442\u0440\u0435\u0432\u043e\u0436\u043d\u043e\u0439-\u043a\u043d\u043e\u043f\u043a\u0438\/\u0434\u043e\u043f\u043e\u043b\u043d\u0438\u0442\u0435\u043b\u044c\u043d\u044b\u0435-\u0434\u0430\u0442\u0447\u0438\u043a\u0438\/\u0434\u0430\u0442\u0447\u0438\u043a-\u0434\u0432\u0438\u0436\u0435\u043d\u0438\u044f-dobe\/\" \/>\n<meta property=\"og:locale\" content=\"ru_RU\" \/>\n<meta property=\"og:type\" content=\"article\" \/>\n<meta property=\"og:title\" content=\"\u0414\u0430\u0442\u0447\u0438\u043a \u0434\u0432\u0438\u0436\u0435\u043d\u0438\u044f Dobe | Medi.ee h\u00e4irenuputeenus\" \/>\n<meta property=\"og:description\" content=\"Medi h\u00e4irenuputeenus on eakatele ja puuetega inimestele m\u00f5eldud sotsiaalne valveteenus, mille abil saab alati \u00fche nupuvajutusega abi kutsuda!\" \/>\n<meta property=\"og:url\" content=\"https:\/\/medi.ee\/ru\/\u0443\u0441\u043b\u0443\u0433\u0430-\u0442\u0440\u0435\u0432\u043e\u0436\u043d\u043e\u0439-\u043a\u043d\u043e\u043f\u043a\u0438\/\u0434\u043e\u043f\u043e\u043b\u043d\u0438\u0442\u0435\u043b\u044c\u043d\u044b\u0435-\u0434\u0430\u0442\u0447\u0438\u043a\u0438\/\u0434\u0430\u0442\u0447\u0438\u043a-\u0434\u0432\u0438\u0436\u0435\u043d\u0438\u044f-dobe\/\" \/>\n<meta property=\"og:site_name\" content=\"Medi.ee h\u00e4irenuputeenus\" \/>\n<meta property=\"article:publisher\" content=\"https:\/\/www.facebook.com\/medi.ee\" \/>\n<meta property=\"article:modified_time\" content=\"2026-05-03T14:01:40+00:00\" \/>\n<meta property=\"og:image\" content=\"https:\/\/medi.ee\/wp-content\/uploads\/2025\/09\/Group.jpg\" \/>\n\t<meta property=\"og:image:width\" content=\"1600\" \/>\n\t<meta property=\"og:image:height\" content=\"728\" \/>\n\t<meta property=\"og:image:type\" content=\"image\/jpeg\" \/>\n<meta name=\"twitter:card\" content=\"summary_large_image\" \/>\n<script type=\"application\/ld+json\" class=\"yoast-schema-graph\">{\"@context\":\"https:\\\/\\\/schema.org\",\"@graph\":[{\"@type\":\"WebPage\",\"@id\":\"https:\\\/\\\/medi.ee\\\/ru\\\/%d1%83%d1%81%d0%bb%d1%83%d0%b3%d0%b0-%d1%82%d1%80%d0%b5%d0%b2%d0%be%d0%b6%d0%bd%d0%be%d0%b9-%d0%ba%d0%bd%d0%be%d0%bf%d0%ba%d0%b8\\\/%d0%b4%d0%be%d0%bf%d0%be%d0%bb%d0%bd%d0%b8%d1%82%d0%b5%d0%bb%d1%8c%d0%bd%d1%8b%d0%b5-%d0%b4%d0%b0%d1%82%d1%87%d0%b8%d0%ba%d0%b8\\\/%d0%b4%d0%b0%d1%82%d1%87%d0%b8%d0%ba-%d0%b4%d0%b2%d0%b8%d0%b6%d0%b5%d0%bd%d0%b8%d1%8f-dobe\\\/\",\"url\":\"https:\\\/\\\/medi.ee\\\/ru\\\/%d1%83%d1%81%d0%bb%d1%83%d0%b3%d0%b0-%d1%82%d1%80%d0%b5%d0%b2%d0%be%d0%b6%d0%bd%d0%be%d0%b9-%d0%ba%d0%bd%d0%be%d0%bf%d0%ba%d0%b8\\\/%d0%b4%d0%be%d0%bf%d0%be%d0%bb%d0%bd%d0%b8%d1%82%d0%b5%d0%bb%d1%8c%d0%bd%d1%8b%d0%b5-%d0%b4%d0%b0%d1%82%d1%87%d0%b8%d0%ba%d0%b8\\\/%d0%b4%d0%b0%d1%82%d1%87%d0%b8%d0%ba-%d0%b4%d0%b2%d0%b8%d0%b6%d0%b5%d0%bd%d0%b8%d1%8f-dobe\\\/\",\"name\":\"\u0414\u0430\u0442\u0447\u0438\u043a \u0434\u0432\u0438\u0436\u0435\u043d\u0438\u044f Dobe | Medi.ee h\u00e4irenuputeenus\",\"isPartOf\":{\"@id\":\"https:\\\/\\\/www.medi.ee\\\/ru\\\/#website\"},\"datePublished\":\"2025-09-16T17:27:17+00:00\",\"dateModified\":\"2026-05-03T14:01:40+00:00\",\"description\":\"Medi h\u00e4irenuputeenus on eakatele ja puuetega inimestele m\u00f5eldud sotsiaalne valveteenus, mille abil saab alati \u00fche nupuvajutusega abi kutsuda!\",\"breadcrumb\":{\"@id\":\"https:\\\/\\\/medi.ee\\\/ru\\\/%d1%83%d1%81%d0%bb%d1%83%d0%b3%d0%b0-%d1%82%d1%80%d0%b5%d0%b2%d0%be%d0%b6%d0%bd%d0%be%d0%b9-%d0%ba%d0%bd%d0%be%d0%bf%d0%ba%d0%b8\\\/%d0%b4%d0%be%d0%bf%d0%be%d0%bb%d0%bd%d0%b8%d1%82%d0%b5%d0%bb%d1%8c%d0%bd%d1%8b%d0%b5-%d0%b4%d0%b0%d1%82%d1%87%d0%b8%d0%ba%d0%b8\\\/%d0%b4%d0%b0%d1%82%d1%87%d0%b8%d0%ba-%d0%b4%d0%b2%d0%b8%d0%b6%d0%b5%d0%bd%d0%b8%d1%8f-dobe\\\/#breadcrumb\"},\"inLanguage\":\"ru-RU\",\"potentialAction\":[{\"@type\":\"ReadAction\",\"target\":[\"https:\\\/\\\/medi.ee\\\/ru\\\/%d1%83%d1%81%d0%bb%d1%83%d0%b3%d0%b0-%d1%82%d1%80%d0%b5%d0%b2%d0%be%d0%b6%d0%bd%d0%be%d0%b9-%d0%ba%d0%bd%d0%be%d0%bf%d0%ba%d0%b8\\\/%d0%b4%d0%be%d0%bf%d0%be%d0%bb%d0%bd%d0%b8%d1%82%d0%b5%d0%bb%d1%8c%d0%bd%d1%8b%d0%b5-%d0%b4%d0%b0%d1%82%d1%87%d0%b8%d0%ba%d0%b8\\\/%d0%b4%d0%b0%d1%82%d1%87%d0%b8%d0%ba-%d0%b4%d0%b2%d0%b8%d0%b6%d0%b5%d0%bd%d0%b8%d1%8f-dobe\\\/\"]}]},{\"@type\":\"BreadcrumbList\",\"@id\":\"https:\\\/\\\/medi.ee\\\/ru\\\/%d1%83%d1%81%d0%bb%d1%83%d0%b3%d0%b0-%d1%82%d1%80%d0%b5%d0%b2%d0%be%d0%b6%d0%bd%d0%be%d0%b9-%d0%ba%d0%bd%d0%be%d0%bf%d0%ba%d0%b8\\\/%d0%b4%d0%be%d0%bf%d0%be%d0%bb%d0%bd%d0%b8%d1%82%d0%b5%d0%bb%d1%8c%d0%bd%d1%8b%d0%b5-%d0%b4%d0%b0%d1%82%d1%87%d0%b8%d0%ba%d0%b8\\\/%d0%b4%d0%b0%d1%82%d1%87%d0%b8%d0%ba-%d0%b4%d0%b2%d0%b8%d0%b6%d0%b5%d0%bd%d0%b8%d1%8f-dobe\\\/#breadcrumb\",\"itemListElement\":[{\"@type\":\"ListItem\",\"position\":1,\"name\":\"Home\",\"item\":\"https:\\\/\\\/medi.ee\\\/ru\\\/esileht\\\/\"},{\"@type\":\"ListItem\",\"position\":2,\"name\":\"\u0423\u0441\u043b\u0443\u0433\u0430 \u043e\u0442\u0432\u043b\u0435\u0447\u0435\u043d\u0438\u044f \u0432\u043d\u0438\u043c\u0430\u043d\u0438\u044f\",\"item\":\"https:\\\/\\\/medi.ee\\\/ru\\\/%d1%83%d1%81%d0%bb%d1%83%d0%b3%d0%b0-%d1%82%d1%80%d0%b5%d0%b2%d0%be%d0%b6%d0%bd%d0%be%d0%b9-%d0%ba%d0%bd%d0%be%d0%bf%d0%ba%d0%b8\\\/\"},{\"@type\":\"ListItem\",\"position\":3,\"name\":\"\u0414\u043e\u043f\u043e\u043b\u043d\u0438\u0442\u0435\u043b\u044c\u043d\u044b\u0435 \u0434\u0430\u0442\u0447\u0438\u043a\u0438\",\"item\":\"https:\\\/\\\/medi.ee\\\/ru\\\/%d1%83%d1%81%d0%bb%d1%83%d0%b3%d0%b0-%d1%82%d1%80%d0%b5%d0%b2%d0%be%d0%b6%d0%bd%d0%be%d0%b9-%d0%ba%d0%bd%d0%be%d0%bf%d0%ba%d0%b8\\\/%d0%b4%d0%be%d0%bf%d0%be%d0%bb%d0%bd%d0%b8%d1%82%d0%b5%d0%bb%d1%8c%d0%bd%d1%8b%d0%b5-%d0%b4%d0%b0%d1%82%d1%87%d0%b8%d0%ba%d0%b8\\\/\"},{\"@type\":\"ListItem\",\"position\":4,\"name\":\"\u0414\u0430\u0442\u0447\u0438\u043a \u0434\u0432\u0438\u0436\u0435\u043d\u0438\u044f Dobe\"}]},{\"@type\":\"WebSite\",\"@id\":\"https:\\\/\\\/www.medi.ee\\\/ru\\\/#website\",\"url\":\"https:\\\/\\\/www.medi.ee\\\/ru\\\/\",\"name\":\"Medi.ee h\u00e4irenuputeenus\",\"description\":\"Medi osutab professionaalset h\u00e4irenuputeenust, muid iseseisva turvalise elamise lahendusi, erinevaid \u00f5ekutses\u00fcsteeme hooldekodudele ja t\u00f6\u00f6taja turvalisuse lahendusi ettev\u00f5tetele.\",\"publisher\":{\"@id\":\"https:\\\/\\\/www.medi.ee\\\/ru\\\/#organization\"},\"potentialAction\":[{\"@type\":\"SearchAction\",\"target\":{\"@type\":\"EntryPoint\",\"urlTemplate\":\"https:\\\/\\\/www.medi.ee\\\/ru\\\/?s={search_term_string}\"},\"query-input\":{\"@type\":\"PropertyValueSpecification\",\"valueRequired\":true,\"valueName\":\"search_term_string\"}}],\"inLanguage\":\"ru-RU\"},{\"@type\":\"Organization\",\"@id\":\"https:\\\/\\\/www.medi.ee\\\/ru\\\/#organization\",\"name\":\"Medi.ee h\u00e4irenuputeenus\",\"url\":\"https:\\\/\\\/www.medi.ee\\\/ru\\\/\",\"logo\":{\"@type\":\"ImageObject\",\"inLanguage\":\"ru-RU\",\"@id\":\"https:\\\/\\\/www.medi.ee\\\/ru\\\/#\\\/schema\\\/logo\\\/image\\\/\",\"url\":\"https:\\\/\\\/medi.ee\\\/wp-content\\\/uploads\\\/2025\\\/09\\\/medi-logo.jpg\",\"contentUrl\":\"https:\\\/\\\/medi.ee\\\/wp-content\\\/uploads\\\/2025\\\/09\\\/medi-logo.jpg\",\"width\":600,\"height\":600,\"caption\":\"Medi.ee h\u00e4irenuputeenus\"},\"image\":{\"@id\":\"https:\\\/\\\/www.medi.ee\\\/ru\\\/#\\\/schema\\\/logo\\\/image\\\/\"},\"sameAs\":[\"https:\\\/\\\/www.facebook.com\\\/medi.ee\",\"https:\\\/\\\/ee.linkedin.com\\\/company\\\/meditech-estonia\",\"https:\\\/\\\/www.instagram.com\\\/medi.hairenupp\\\/\"]}]}<\/script>\n<!-- \/ Yoast SEO plugin. -->","yoast_head_json":{"title":"\u0414\u0430\u0442\u0447\u0438\u043a \u0434\u0432\u0438\u0436\u0435\u043d\u0438\u044f Dobe | Medi.ee h\u00e4irenuputeenus","description":"Medi h\u00e4irenuputeenus on eakatele ja puuetega inimestele m\u00f5eldud sotsiaalne valveteenus, mille abil saab alati \u00fche nupuvajutusega abi kutsuda!","robots":{"index":"index","follow":"follow","max-snippet":"max-snippet:-1","max-image-preview":"max-image-preview:large","max-video-preview":"max-video-preview:-1"},"canonical":"https:\/\/medi.ee\/ru\/\u0443\u0441\u043b\u0443\u0433\u0430-\u0442\u0440\u0435\u0432\u043e\u0436\u043d\u043e\u0439-\u043a\u043d\u043e\u043f\u043a\u0438\/\u0434\u043e\u043f\u043e\u043b\u043d\u0438\u0442\u0435\u043b\u044c\u043d\u044b\u0435-\u0434\u0430\u0442\u0447\u0438\u043a\u0438\/\u0434\u0430\u0442\u0447\u0438\u043a-\u0434\u0432\u0438\u0436\u0435\u043d\u0438\u044f-dobe\/","og_locale":"ru_RU","og_type":"article","og_title":"\u0414\u0430\u0442\u0447\u0438\u043a \u0434\u0432\u0438\u0436\u0435\u043d\u0438\u044f Dobe | Medi.ee h\u00e4irenuputeenus","og_description":"Medi h\u00e4irenuputeenus on eakatele ja puuetega inimestele m\u00f5eldud sotsiaalne valveteenus, mille abil saab alati \u00fche nupuvajutusega abi kutsuda!","og_url":"https:\/\/medi.ee\/ru\/\u0443\u0441\u043b\u0443\u0433\u0430-\u0442\u0440\u0435\u0432\u043e\u0436\u043d\u043e\u0439-\u043a\u043d\u043e\u043f\u043a\u0438\/\u0434\u043e\u043f\u043e\u043b\u043d\u0438\u0442\u0435\u043b\u044c\u043d\u044b\u0435-\u0434\u0430\u0442\u0447\u0438\u043a\u0438\/\u0434\u0430\u0442\u0447\u0438\u043a-\u0434\u0432\u0438\u0436\u0435\u043d\u0438\u044f-dobe\/","og_site_name":"Medi.ee h\u00e4irenuputeenus","article_publisher":"https:\/\/www.facebook.com\/medi.ee","article_modified_time":"2026-05-03T14:01:40+00:00","og_image":[{"width":1600,"height":728,"url":"https:\/\/medi.ee\/wp-content\/uploads\/2025\/09\/Group.jpg","type":"image\/jpeg"}],"twitter_card":"summary_large_image","schema":{"@context":"https:\/\/schema.org","@graph":[{"@type":"WebPage","@id":"https:\/\/medi.ee\/ru\/%d1%83%d1%81%d0%bb%d1%83%d0%b3%d0%b0-%d1%82%d1%80%d0%b5%d0%b2%d0%be%d0%b6%d0%bd%d0%be%d0%b9-%d0%ba%d0%bd%d0%be%d0%bf%d0%ba%d0%b8\/%d0%b4%d0%be%d0%bf%d0%be%d0%bb%d0%bd%d0%b8%d1%82%d0%b5%d0%bb%d1%8c%d0%bd%d1%8b%d0%b5-%d0%b4%d0%b0%d1%82%d1%87%d0%b8%d0%ba%d0%b8\/%d0%b4%d0%b0%d1%82%d1%87%d0%b8%d0%ba-%d0%b4%d0%b2%d0%b8%d0%b6%d0%b5%d0%bd%d0%b8%d1%8f-dobe\/","url":"https:\/\/medi.ee\/ru\/%d1%83%d1%81%d0%bb%d1%83%d0%b3%d0%b0-%d1%82%d1%80%d0%b5%d0%b2%d0%be%d0%b6%d0%bd%d0%be%d0%b9-%d0%ba%d0%bd%d0%be%d0%bf%d0%ba%d0%b8\/%d0%b4%d0%be%d0%bf%d0%be%d0%bb%d0%bd%d0%b8%d1%82%d0%b5%d0%bb%d1%8c%d0%bd%d1%8b%d0%b5-%d0%b4%d0%b0%d1%82%d1%87%d0%b8%d0%ba%d0%b8\/%d0%b4%d0%b0%d1%82%d1%87%d0%b8%d0%ba-%d0%b4%d0%b2%d0%b8%d0%b6%d0%b5%d0%bd%d0%b8%d1%8f-dobe\/","name":"\u0414\u0430\u0442\u0447\u0438\u043a \u0434\u0432\u0438\u0436\u0435\u043d\u0438\u044f Dobe | Medi.ee h\u00e4irenuputeenus","isPartOf":{"@id":"https:\/\/www.medi.ee\/ru\/#website"},"datePublished":"2025-09-16T17:27:17+00:00","dateModified":"2026-05-03T14:01:40+00:00","description":"Medi h\u00e4irenuputeenus on eakatele ja puuetega inimestele m\u00f5eldud sotsiaalne valveteenus, mille abil saab alati \u00fche nupuvajutusega abi kutsuda!","breadcrumb":{"@id":"https:\/\/medi.ee\/ru\/%d1%83%d1%81%d0%bb%d1%83%d0%b3%d0%b0-%d1%82%d1%80%d0%b5%d0%b2%d0%be%d0%b6%d0%bd%d0%be%d0%b9-%d0%ba%d0%bd%d0%be%d0%bf%d0%ba%d0%b8\/%d0%b4%d0%be%d0%bf%d0%be%d0%bb%d0%bd%d0%b8%d1%82%d0%b5%d0%bb%d1%8c%d0%bd%d1%8b%d0%b5-%d0%b4%d0%b0%d1%82%d1%87%d0%b8%d0%ba%d0%b8\/%d0%b4%d0%b0%d1%82%d1%87%d0%b8%d0%ba-%d0%b4%d0%b2%d0%b8%d0%b6%d0%b5%d0%bd%d0%b8%d1%8f-dobe\/#breadcrumb"},"inLanguage":"ru-RU","potentialAction":[{"@type":"ReadAction","target":["https:\/\/medi.ee\/ru\/%d1%83%d1%81%d0%bb%d1%83%d0%b3%d0%b0-%d1%82%d1%80%d0%b5%d0%b2%d0%be%d0%b6%d0%bd%d0%be%d0%b9-%d0%ba%d0%bd%d0%be%d0%bf%d0%ba%d0%b8\/%d0%b4%d0%be%d0%bf%d0%be%d0%bb%d0%bd%d0%b8%d1%82%d0%b5%d0%bb%d1%8c%d0%bd%d1%8b%d0%b5-%d0%b4%d0%b0%d1%82%d1%87%d0%b8%d0%ba%d0%b8\/%d0%b4%d0%b0%d1%82%d1%87%d0%b8%d0%ba-%d0%b4%d0%b2%d0%b8%d0%b6%d0%b5%d0%bd%d0%b8%d1%8f-dobe\/"]}]},{"@type":"BreadcrumbList","@id":"https:\/\/medi.ee\/ru\/%d1%83%d1%81%d0%bb%d1%83%d0%b3%d0%b0-%d1%82%d1%80%d0%b5%d0%b2%d0%be%d0%b6%d0%bd%d0%be%d0%b9-%d0%ba%d0%bd%d0%be%d0%bf%d0%ba%d0%b8\/%d0%b4%d0%be%d0%bf%d0%be%d0%bb%d0%bd%d0%b8%d1%82%d0%b5%d0%bb%d1%8c%d0%bd%d1%8b%d0%b5-%d0%b4%d0%b0%d1%82%d1%87%d0%b8%d0%ba%d0%b8\/%d0%b4%d0%b0%d1%82%d1%87%d0%b8%d0%ba-%d0%b4%d0%b2%d0%b8%d0%b6%d0%b5%d0%bd%d0%b8%d1%8f-dobe\/#breadcrumb","itemListElement":[{"@type":"ListItem","position":1,"name":"Home","item":"https:\/\/medi.ee\/ru\/esileht\/"},{"@type":"ListItem","position":2,"name":"\u0423\u0441\u043b\u0443\u0433\u0430 \u043e\u0442\u0432\u043b\u0435\u0447\u0435\u043d\u0438\u044f \u0432\u043d\u0438\u043c\u0430\u043d\u0438\u044f","item":"https:\/\/medi.ee\/ru\/%d1%83%d1%81%d0%bb%d1%83%d0%b3%d0%b0-%d1%82%d1%80%d0%b5%d0%b2%d0%be%d0%b6%d0%bd%d0%be%d0%b9-%d0%ba%d0%bd%d0%be%d0%bf%d0%ba%d0%b8\/"},{"@type":"ListItem","position":3,"name":"\u0414\u043e\u043f\u043e\u043b\u043d\u0438\u0442\u0435\u043b\u044c\u043d\u044b\u0435 \u0434\u0430\u0442\u0447\u0438\u043a\u0438","item":"https:\/\/medi.ee\/ru\/%d1%83%d1%81%d0%bb%d1%83%d0%b3%d0%b0-%d1%82%d1%80%d0%b5%d0%b2%d0%be%d0%b6%d0%bd%d0%be%d0%b9-%d0%ba%d0%bd%d0%be%d0%bf%d0%ba%d0%b8\/%d0%b4%d0%be%d0%bf%d0%be%d0%bb%d0%bd%d0%b8%d1%82%d0%b5%d0%bb%d1%8c%d0%bd%d1%8b%d0%b5-%d0%b4%d0%b0%d1%82%d1%87%d0%b8%d0%ba%d0%b8\/"},{"@type":"ListItem","position":4,"name":"\u0414\u0430\u0442\u0447\u0438\u043a \u0434\u0432\u0438\u0436\u0435\u043d\u0438\u044f Dobe"}]},{"@type":"WebSite","@id":"https:\/\/www.medi.ee\/ru\/#website","url":"https:\/\/www.medi.ee\/ru\/","name":"Medi.ee h\u00e4irenuputeenus","description":"Medi osutab professionaalset h\u00e4irenuputeenust, muid iseseisva turvalise elamise lahendusi, erinevaid \u00f5ekutses\u00fcsteeme hooldekodudele ja t\u00f6\u00f6taja turvalisuse lahendusi ettev\u00f5tetele.","publisher":{"@id":"https:\/\/www.medi.ee\/ru\/#organization"},"potentialAction":[{"@type":"SearchAction","target":{"@type":"EntryPoint","urlTemplate":"https:\/\/www.medi.ee\/ru\/?s={search_term_string}"},"query-input":{"@type":"PropertyValueSpecification","valueRequired":true,"valueName":"search_term_string"}}],"inLanguage":"ru-RU"},{"@type":"Organization","@id":"https:\/\/www.medi.ee\/ru\/#organization","name":"Medi.ee h\u00e4irenuputeenus","url":"https:\/\/www.medi.ee\/ru\/","logo":{"@type":"ImageObject","inLanguage":"ru-RU","@id":"https:\/\/www.medi.ee\/ru\/#\/schema\/logo\/image\/","url":"https:\/\/medi.ee\/wp-content\/uploads\/2025\/09\/medi-logo.jpg","contentUrl":"https:\/\/medi.ee\/wp-content\/uploads\/2025\/09\/medi-logo.jpg","width":600,"height":600,"caption":"Medi.ee h\u00e4irenuputeenus"},"image":{"@id":"https:\/\/www.medi.ee\/ru\/#\/schema\/logo\/image\/"},"sameAs":["https:\/\/www.facebook.com\/medi.ee","https:\/\/ee.linkedin.com\/company\/meditech-estonia","https:\/\/www.instagram.com\/medi.hairenupp\/"]}]}},"_links":{"self":[{"href":"https:\/\/medi.ee\/ru\/wp-json\/wp\/v2\/pages\/5672","targetHints":{"allow":["GET"]}}],"collection":[{"href":"https:\/\/medi.ee\/ru\/wp-json\/wp\/v2\/pages"}],"about":[{"href":"https:\/\/medi.ee\/ru\/wp-json\/wp\/v2\/types\/page"}],"author":[{"embeddable":true,"href":"https:\/\/medi.ee\/ru\/wp-json\/wp\/v2\/users\/1"}],"replies":[{"embeddable":true,"href":"https:\/\/medi.ee\/ru\/wp-json\/wp\/v2\/comments?post=5672"}],"version-history":[{"count":3,"href":"https:\/\/medi.ee\/ru\/wp-json\/wp\/v2\/pages\/5672\/revisions"}],"predecessor-version":[{"id":5700,"href":"https:\/\/medi.ee\/ru\/wp-json\/wp\/v2\/pages\/5672\/revisions\/5700"}],"up":[{"embeddable":true,"href":"https:\/\/medi.ee\/ru\/wp-json\/wp\/v2\/pages\/5716"}],"wp:attachment":[{"href":"https:\/\/medi.ee\/ru\/wp-json\/wp\/v2\/media?parent=5672"}],"curies":[{"name":"wp","href":"https:\/\/api.w.org\/{rel}","templated":true}]}}