{"id":5666,"date":"2025-09-16T20:42:28","date_gmt":"2025-09-16T17:42:28","guid":{"rendered":""},"modified":"2026-04-25T12:00:27","modified_gmt":"2026-04-25T09:00:27","slug":"%d0%b4%d1%80%d1%83%d0%b3%d0%b8%d0%b5-%d0%b2%d1%81%d0%bf%d0%be%d0%bc%d0%be%d0%b3%d0%b0%d1%82%d0%b5%d0%bb%d1%8c%d0%bd%d1%8b%d0%b5-%d1%81%d1%80%d0%b5%d0%b4%d1%81%d1%82%d0%b2%d0%b0","status":"publish","type":"page","link":"https:\/\/medi.ee\/ru\/%d1%83%d1%81%d0%bb%d1%83%d0%b3%d0%b0-%d1%82%d1%80%d0%b5%d0%b2%d0%be%d0%b6%d0%bd%d0%be%d0%b9-%d0%ba%d0%bd%d0%be%d0%bf%d0%ba%d0%b8\/%d0%b4%d1%80%d1%83%d0%b3%d0%b8%d0%b5-%d0%b2%d1%81%d0%bf%d0%be%d0%bc%d0%be%d0%b3%d0%b0%d1%82%d0%b5%d0%bb%d1%8c%d0%bd%d1%8b%d0%b5-%d1%81%d1%80%d0%b5%d0%b4%d1%81%d1%82%d0%b2%d0%b0\/","title":{"rendered":"\u0414\u0440\u0443\u0433\u0438\u0435 \u0432\u0441\u043f\u043e\u043c\u043e\u0433\u0430\u0442\u0435\u043b\u044c\u043d\u044b\u0435 \u0441\u0440\u0435\u0434\u0441\u0442\u0432\u0430"},"content":{"rendered":"<div id=\"pl-5666\"  class=\"panel-layout\" ><div id=\"pg-5666-0\"  class=\"panel-grid panel-has-style\" ><div class=\"panel-row-style panel-row-style-for-5666-0\" ><div id=\"pgc-5666-0-0\"  class=\"panel-grid-cell\" ><div id=\"panel-5666-0-0-0\" class=\"so-panel widget widget_theme-text panel-first-child panel-last-child\" data-index=\"0\" ><div\n\t\t\t\n\t\t\tclass=\"so-widget-theme-text so-widget-theme-text-base\"\n\t\t\t\n\t\t>\n<div class=\"theme-text-69f34c43ca2d1 text-truncated\" id=\"theme-text-69f34c43ca2d1-content\">\n    <p>Lisaks Medi h\u00e4irenuputeenusele saab meilt ka <a href=\"https:\/\/medi.ee\/hairenuputeenus\/muud-abivahendid\/ravimidosaator\/\">automaatseid <strong>ravimidosaatoreid<\/strong><\/a>, <a href=\"https:\/\/medi.ee\/hairenuputeenus\/muud-abivahendid\/pliidivalvur\/\">elektrilisi\u00a0<strong>pliidivalvureid<\/strong><\/a>, <a href=\"https:\/\/medi.ee\/tootaja-turvalisus\/\">asukoha <strong>positsioneerijaid<\/strong><\/a> ning muidki <strong>iseseisva<\/strong>\u00a0ja\u00a0<strong>turvalise elamise<\/strong> lahendusi, mis pikendavat v\u00e4\u00e4rikat vananemist.<\/p>\n<p>K\u00f5ik meie pakutavad teenused ja lahendused v\u00f5imaldavad peamiselt eakatel ja puuetega inimestel iseseisvalt hakkama saada ning <strong>turvalisemalt<\/strong>\u00a0ja\u00a0<strong>kauem oma kodus elada<\/strong>. Samuti pakuvad need meelerahu k\u00f5ikidele, kes oma l\u00e4hedastest hoolivad. Ja hingerahu on t\u00e4nap\u00e4eva maailmas v\u00e4gagi hinnatud.<\/p>\n<p>Osutame ka <a href=\"https:\/\/medi.ee\/oekutselahendus\/\">\u00f5ekutse-<\/a> ja personali turvalisust tagavaid lahendusi hooldekodudele. Ikka selleks, et <strong>patsientide <\/strong>ja <strong>t\u00f6\u00f6tajate heaolu <\/strong>ning <strong>turvalisust <\/strong>t\u00f5sta.<\/p>\n<p>Meie missioon on\u00a0<strong>tagada turvalisem elukeskkond inimestele<\/strong> oma kodus, t\u00f6\u00f6l ja hoolekandeasutustes, et hoida \u00e4ra kurbade tagaj\u00e4rgedega \u00f5nnetused. Me t\u00f5epoolest usume ja t\u00f6\u00f6tame selle nimel, et ka<strong>\u00a0eakatel<\/strong> ja <strong>liikumisraskustega inimestel oleks v\u00f5imalik iseseisev<\/strong> ja <strong>turvaline elu!<\/strong><\/p>\n<\/div>\n    <a href=\"#\" class=\"read-more-link\" data-target=\"theme-text-69f34c43ca2d1-content\">Loe rohkem<\/a>\n    <script>\n        document.addEventListener('DOMContentLoaded', function() {\n            const link = document.querySelector('.theme-text-69f34c43ca2d1 + .read-more-link');\n            const content = document.querySelector('#theme-text-69f34c43ca2d1-content');\n            if (link && content) {\n                link.addEventListener('click', function(e) {\n                    e.preventDefault();\n                    content.classList.remove('text-truncated');\n                    link.style.display = 'none';\n                });\n            }\n        });\n    <\/script>\n\n<style>.theme-text-69f34c43ca2d1{color:#333;font-weight:400;font-size:1rem;line-height:{normal};margin:0 0 0 0;padding:0 0 0 0;text-align:left}.theme-text-69f34c43ca2d1.text-truncated{display:-webkit-box;-webkit-box-orient:vertical;-webkit-line-clamp:8;overflow:hidden;text-overflow:ellipsis}@media (max-width:767px){.theme-text-69f34c43ca2d1{font-size:.9rem;line-height:{normal};margin:0 0 0 0;padding:0 0 0 0;text-align:left}}<\/style><\/div><\/div><\/div><div id=\"pgc-5666-0-1\"  class=\"panel-grid-cell\" ><div id=\"panel-5666-0-1-0\" class=\"so-panel widget widget_theme-text panel-first-child panel-last-child\" data-index=\"1\" ><div\n\t\t\t\n\t\t\tclass=\"so-widget-theme-text so-widget-theme-text-base\"\n\t\t\t\n\t\t>\n<div class=\"theme-text-69f34c43caa65 \" id=\"theme-text-69f34c43caa65-content\">\n    <p><img loading=\"lazy\" decoding=\"async\" class=\"rounded-image-corners alignnone wp-image-4572 size-full\" src=\"https:\/\/medi.ee\/wp-content\/uploads\/2025\/09\/lapselapsega-pilt.jpg\" alt=\"\" width=\"500\" height=\"332\" srcset=\"https:\/\/medi.ee\/wp-content\/uploads\/2025\/09\/lapselapsega-pilt.jpg 500w, https:\/\/medi.ee\/wp-content\/uploads\/2025\/09\/lapselapsega-pilt-300x199.jpg 300w, https:\/\/medi.ee\/wp-content\/uploads\/2025\/09\/lapselapsega-pilt-272x182.jpg 272w\" sizes=\"auto, (max-width: 500px) 100vw, 500px\" \/><\/p>\n<\/div>\n\n<style>.theme-text-69f34c43caa65{color:#333;font-weight:400;font-size:1rem;line-height:{normal};margin:0 0 0 0;padding:0 0 0 0;text-align:left}.theme-text-69f34c43caa65.text-truncated{display:-webkit-box;-webkit-box-orient:vertical;-webkit-line-clamp:0;overflow:hidden;text-overflow:ellipsis}@media (max-width:767px){.theme-text-69f34c43caa65{font-size:.9rem;line-height:{normal};margin:0 0 0 0;padding:0 0 0 0;text-align:left}}<\/style><\/div><\/div><\/div><\/div><\/div><\/div>","protected":false},"excerpt":{"rendered":"<p>Lisaks Medi h\u00e4irenuputeenusele saab meilt ka automaatseid ravimidosaatoreid, elektrilisi\u00a0pliidivalvureid, asukoha positsioneerijaid ning muidki iseseisva\u00a0ja\u00a0turvalise elamise lahendusi, mis pikendavat v\u00e4\u00e4rikat vananemist. K\u00f5ik meie pakutavad teenused ja lahendused v\u00f5imaldavad peamiselt eakatel ja puuetega inimestel iseseisvalt hakkama saada ning turvalisemalt\u00a0ja\u00a0kauem oma kodus elada. Samuti pakuvad need meelerahu k\u00f5ikidele, kes oma l\u00e4hedastest hoolivad. Ja hingerahu on t\u00e4nap\u00e4eva maailmas v\u00e4gagi [&hellip;]<\/p>\n","protected":false},"author":1,"featured_media":0,"parent":5395,"menu_order":0,"comment_status":"closed","ping_status":"closed","template":"","meta":{"_acf_changed":false,"footnotes":""},"class_list":["post-5666","page","type-page","status-publish","hentry"],"acf":[],"yoast_head":"<!-- This site is optimized with the Yoast SEO plugin v27.3 - https:\/\/yoast.com\/product\/yoast-seo-wordpress\/ -->\n<title>\u0414\u0440\u0443\u0433\u0438\u0435 \u0432\u0441\u043f\u043e\u043c\u043e\u0433\u0430\u0442\u0435\u043b\u044c\u043d\u044b\u0435 \u0441\u0440\u0435\u0434\u0441\u0442\u0432\u0430 | Medi.ee h\u00e4irenuputeenus<\/title>\n<meta name=\"description\" content=\"Medi h\u00e4irenuputeenus on eakatele ja puuetega inimestele m\u00f5eldud sotsiaalne valveteenus, mille abil saab alati \u00fche nupuvajutusega abi kutsuda!\" \/>\n<meta name=\"robots\" content=\"index, follow, max-snippet:-1, max-image-preview:large, max-video-preview:-1\" \/>\n<link rel=\"canonical\" href=\"https:\/\/medi.ee\/ru\/\u0443\u0441\u043b\u0443\u0433\u0430-\u0442\u0440\u0435\u0432\u043e\u0436\u043d\u043e\u0439-\u043a\u043d\u043e\u043f\u043a\u0438\/\u0434\u0440\u0443\u0433\u0438\u0435-\u0432\u0441\u043f\u043e\u043c\u043e\u0433\u0430\u0442\u0435\u043b\u044c\u043d\u044b\u0435-\u0441\u0440\u0435\u0434\u0441\u0442\u0432\u0430\/\" \/>\n<meta property=\"og:locale\" content=\"ru_RU\" \/>\n<meta property=\"og:type\" content=\"article\" \/>\n<meta property=\"og:title\" content=\"\u0414\u0440\u0443\u0433\u0438\u0435 \u0432\u0441\u043f\u043e\u043c\u043e\u0433\u0430\u0442\u0435\u043b\u044c\u043d\u044b\u0435 \u0441\u0440\u0435\u0434\u0441\u0442\u0432\u0430 | Medi.ee h\u00e4irenuputeenus\" \/>\n<meta property=\"og:description\" content=\"Medi h\u00e4irenuputeenus on eakatele ja puuetega inimestele m\u00f5eldud sotsiaalne valveteenus, mille abil saab alati \u00fche nupuvajutusega abi kutsuda!\" \/>\n<meta property=\"og:url\" content=\"https:\/\/medi.ee\/ru\/\u0443\u0441\u043b\u0443\u0433\u0430-\u0442\u0440\u0435\u0432\u043e\u0436\u043d\u043e\u0439-\u043a\u043d\u043e\u043f\u043a\u0438\/\u0434\u0440\u0443\u0433\u0438\u0435-\u0432\u0441\u043f\u043e\u043c\u043e\u0433\u0430\u0442\u0435\u043b\u044c\u043d\u044b\u0435-\u0441\u0440\u0435\u0434\u0441\u0442\u0432\u0430\/\" \/>\n<meta property=\"og:site_name\" content=\"Medi.ee h\u00e4irenuputeenus\" \/>\n<meta property=\"article:publisher\" content=\"https:\/\/www.facebook.com\/medi.ee\" \/>\n<meta property=\"article:modified_time\" content=\"2026-04-25T09:00:27+00:00\" \/>\n<meta property=\"og:image\" content=\"https:\/\/medi.ee\/wp-content\/uploads\/2025\/09\/Group.jpg\" \/>\n\t<meta property=\"og:image:width\" content=\"1600\" \/>\n\t<meta property=\"og:image:height\" content=\"728\" \/>\n\t<meta property=\"og:image:type\" content=\"image\/jpeg\" \/>\n<meta name=\"twitter:card\" content=\"summary_large_image\" \/>\n<script type=\"application\/ld+json\" class=\"yoast-schema-graph\">{\"@context\":\"https:\\\/\\\/schema.org\",\"@graph\":[{\"@type\":\"WebPage\",\"@id\":\"https:\\\/\\\/medi.ee\\\/ru\\\/%d1%83%d1%81%d0%bb%d1%83%d0%b3%d0%b0-%d1%82%d1%80%d0%b5%d0%b2%d0%be%d0%b6%d0%bd%d0%be%d0%b9-%d0%ba%d0%bd%d0%be%d0%bf%d0%ba%d0%b8\\\/%d0%b4%d1%80%d1%83%d0%b3%d0%b8%d0%b5-%d0%b2%d1%81%d0%bf%d0%be%d0%bc%d0%be%d0%b3%d0%b0%d1%82%d0%b5%d0%bb%d1%8c%d0%bd%d1%8b%d0%b5-%d1%81%d1%80%d0%b5%d0%b4%d1%81%d1%82%d0%b2%d0%b0\\\/\",\"url\":\"https:\\\/\\\/medi.ee\\\/ru\\\/%d1%83%d1%81%d0%bb%d1%83%d0%b3%d0%b0-%d1%82%d1%80%d0%b5%d0%b2%d0%be%d0%b6%d0%bd%d0%be%d0%b9-%d0%ba%d0%bd%d0%be%d0%bf%d0%ba%d0%b8\\\/%d0%b4%d1%80%d1%83%d0%b3%d0%b8%d0%b5-%d0%b2%d1%81%d0%bf%d0%be%d0%bc%d0%be%d0%b3%d0%b0%d1%82%d0%b5%d0%bb%d1%8c%d0%bd%d1%8b%d0%b5-%d1%81%d1%80%d0%b5%d0%b4%d1%81%d1%82%d0%b2%d0%b0\\\/\",\"name\":\"\u0414\u0440\u0443\u0433\u0438\u0435 \u0432\u0441\u043f\u043e\u043c\u043e\u0433\u0430\u0442\u0435\u043b\u044c\u043d\u044b\u0435 \u0441\u0440\u0435\u0434\u0441\u0442\u0432\u0430 | Medi.ee h\u00e4irenuputeenus\",\"isPartOf\":{\"@id\":\"https:\\\/\\\/medi.ee\\\/#website\"},\"datePublished\":\"2025-09-16T17:42:28+00:00\",\"dateModified\":\"2026-04-25T09:00:27+00:00\",\"description\":\"Medi h\u00e4irenuputeenus on eakatele ja puuetega inimestele m\u00f5eldud sotsiaalne valveteenus, mille abil saab alati \u00fche nupuvajutusega abi kutsuda!\",\"breadcrumb\":{\"@id\":\"https:\\\/\\\/medi.ee\\\/ru\\\/%d1%83%d1%81%d0%bb%d1%83%d0%b3%d0%b0-%d1%82%d1%80%d0%b5%d0%b2%d0%be%d0%b6%d0%bd%d0%be%d0%b9-%d0%ba%d0%bd%d0%be%d0%bf%d0%ba%d0%b8\\\/%d0%b4%d1%80%d1%83%d0%b3%d0%b8%d0%b5-%d0%b2%d1%81%d0%bf%d0%be%d0%bc%d0%be%d0%b3%d0%b0%d1%82%d0%b5%d0%bb%d1%8c%d0%bd%d1%8b%d0%b5-%d1%81%d1%80%d0%b5%d0%b4%d1%81%d1%82%d0%b2%d0%b0\\\/#breadcrumb\"},\"inLanguage\":\"ru-RU\",\"potentialAction\":[{\"@type\":\"ReadAction\",\"target\":[\"https:\\\/\\\/medi.ee\\\/ru\\\/%d1%83%d1%81%d0%bb%d1%83%d0%b3%d0%b0-%d1%82%d1%80%d0%b5%d0%b2%d0%be%d0%b6%d0%bd%d0%be%d0%b9-%d0%ba%d0%bd%d0%be%d0%bf%d0%ba%d0%b8\\\/%d0%b4%d1%80%d1%83%d0%b3%d0%b8%d0%b5-%d0%b2%d1%81%d0%bf%d0%be%d0%bc%d0%be%d0%b3%d0%b0%d1%82%d0%b5%d0%bb%d1%8c%d0%bd%d1%8b%d0%b5-%d1%81%d1%80%d0%b5%d0%b4%d1%81%d1%82%d0%b2%d0%b0\\\/\"]}]},{\"@type\":\"BreadcrumbList\",\"@id\":\"https:\\\/\\\/medi.ee\\\/ru\\\/%d1%83%d1%81%d0%bb%d1%83%d0%b3%d0%b0-%d1%82%d1%80%d0%b5%d0%b2%d0%be%d0%b6%d0%bd%d0%be%d0%b9-%d0%ba%d0%bd%d0%be%d0%bf%d0%ba%d0%b8\\\/%d0%b4%d1%80%d1%83%d0%b3%d0%b8%d0%b5-%d0%b2%d1%81%d0%bf%d0%be%d0%bc%d0%be%d0%b3%d0%b0%d1%82%d0%b5%d0%bb%d1%8c%d0%bd%d1%8b%d0%b5-%d1%81%d1%80%d0%b5%d0%b4%d1%81%d1%82%d0%b2%d0%b0\\\/#breadcrumb\",\"itemListElement\":[{\"@type\":\"ListItem\",\"position\":1,\"name\":\"Home\",\"item\":\"https:\\\/\\\/medi.ee\\\/ru\\\/\"},{\"@type\":\"ListItem\",\"position\":2,\"name\":\"\u0423\u0441\u043b\u0443\u0433\u0430 \u043e\u0442\u0432\u043b\u0435\u0447\u0435\u043d\u0438\u044f \u0432\u043d\u0438\u043c\u0430\u043d\u0438\u044f\",\"item\":\"https:\\\/\\\/medi.ee\\\/ru\\\/%d1%83%d1%81%d0%bb%d1%83%d0%b3%d0%b0-%d1%82%d1%80%d0%b5%d0%b2%d0%be%d0%b6%d0%bd%d0%be%d0%b9-%d0%ba%d0%bd%d0%be%d0%bf%d0%ba%d0%b8\\\/\"},{\"@type\":\"ListItem\",\"position\":3,\"name\":\"\u0414\u0440\u0443\u0433\u0438\u0435 \u0432\u0441\u043f\u043e\u043c\u043e\u0433\u0430\u0442\u0435\u043b\u044c\u043d\u044b\u0435 \u0441\u0440\u0435\u0434\u0441\u0442\u0432\u0430\"}]},{\"@type\":\"WebSite\",\"@id\":\"https:\\\/\\\/medi.ee\\\/#website\",\"url\":\"https:\\\/\\\/medi.ee\\\/\",\"name\":\"Medi.ee h\u00e4irenuputeenus\",\"description\":\"Medi osutab professionaalset h\u00e4irenuputeenust, muid iseseisva turvalise elamise lahendusi, erinevaid \u00f5ekutses\u00fcsteeme hooldekodudele ja t\u00f6\u00f6taja turvalisuse lahendusi ettev\u00f5tetele.\",\"publisher\":{\"@id\":\"https:\\\/\\\/medi.ee\\\/#organization\"},\"potentialAction\":[{\"@type\":\"SearchAction\",\"target\":{\"@type\":\"EntryPoint\",\"urlTemplate\":\"https:\\\/\\\/medi.ee\\\/?s={search_term_string}\"},\"query-input\":{\"@type\":\"PropertyValueSpecification\",\"valueRequired\":true,\"valueName\":\"search_term_string\"}}],\"inLanguage\":\"ru-RU\"},{\"@type\":\"Organization\",\"@id\":\"https:\\\/\\\/medi.ee\\\/#organization\",\"name\":\"Medi.ee h\u00e4irenuputeenus\",\"url\":\"https:\\\/\\\/medi.ee\\\/\",\"logo\":{\"@type\":\"ImageObject\",\"inLanguage\":\"ru-RU\",\"@id\":\"https:\\\/\\\/medi.ee\\\/#\\\/schema\\\/logo\\\/image\\\/\",\"url\":\"https:\\\/\\\/medi.ee\\\/wp-content\\\/uploads\\\/2025\\\/09\\\/medi-logo.jpg\",\"contentUrl\":\"https:\\\/\\\/medi.ee\\\/wp-content\\\/uploads\\\/2025\\\/09\\\/medi-logo.jpg\",\"width\":600,\"height\":600,\"caption\":\"Medi.ee h\u00e4irenuputeenus\"},\"image\":{\"@id\":\"https:\\\/\\\/medi.ee\\\/#\\\/schema\\\/logo\\\/image\\\/\"},\"sameAs\":[\"https:\\\/\\\/www.facebook.com\\\/medi.ee\",\"https:\\\/\\\/ee.linkedin.com\\\/company\\\/meditech-estonia\",\"https:\\\/\\\/www.instagram.com\\\/medi.hairenupp\\\/\"]}]}<\/script>\n<!-- \/ Yoast SEO plugin. -->","yoast_head_json":{"title":"\u0414\u0440\u0443\u0433\u0438\u0435 \u0432\u0441\u043f\u043e\u043c\u043e\u0433\u0430\u0442\u0435\u043b\u044c\u043d\u044b\u0435 \u0441\u0440\u0435\u0434\u0441\u0442\u0432\u0430 | Medi.ee h\u00e4irenuputeenus","description":"Medi h\u00e4irenuputeenus on eakatele ja puuetega inimestele m\u00f5eldud sotsiaalne valveteenus, mille abil saab alati \u00fche nupuvajutusega abi kutsuda!","robots":{"index":"index","follow":"follow","max-snippet":"max-snippet:-1","max-image-preview":"max-image-preview:large","max-video-preview":"max-video-preview:-1"},"canonical":"https:\/\/medi.ee\/ru\/\u0443\u0441\u043b\u0443\u0433\u0430-\u0442\u0440\u0435\u0432\u043e\u0436\u043d\u043e\u0439-\u043a\u043d\u043e\u043f\u043a\u0438\/\u0434\u0440\u0443\u0433\u0438\u0435-\u0432\u0441\u043f\u043e\u043c\u043e\u0433\u0430\u0442\u0435\u043b\u044c\u043d\u044b\u0435-\u0441\u0440\u0435\u0434\u0441\u0442\u0432\u0430\/","og_locale":"ru_RU","og_type":"article","og_title":"\u0414\u0440\u0443\u0433\u0438\u0435 \u0432\u0441\u043f\u043e\u043c\u043e\u0433\u0430\u0442\u0435\u043b\u044c\u043d\u044b\u0435 \u0441\u0440\u0435\u0434\u0441\u0442\u0432\u0430 | Medi.ee h\u00e4irenuputeenus","og_description":"Medi h\u00e4irenuputeenus on eakatele ja puuetega inimestele m\u00f5eldud sotsiaalne valveteenus, mille abil saab alati \u00fche nupuvajutusega abi kutsuda!","og_url":"https:\/\/medi.ee\/ru\/\u0443\u0441\u043b\u0443\u0433\u0430-\u0442\u0440\u0435\u0432\u043e\u0436\u043d\u043e\u0439-\u043a\u043d\u043e\u043f\u043a\u0438\/\u0434\u0440\u0443\u0433\u0438\u0435-\u0432\u0441\u043f\u043e\u043c\u043e\u0433\u0430\u0442\u0435\u043b\u044c\u043d\u044b\u0435-\u0441\u0440\u0435\u0434\u0441\u0442\u0432\u0430\/","og_site_name":"Medi.ee h\u00e4irenuputeenus","article_publisher":"https:\/\/www.facebook.com\/medi.ee","article_modified_time":"2026-04-25T09:00:27+00:00","og_image":[{"width":1600,"height":728,"url":"https:\/\/medi.ee\/wp-content\/uploads\/2025\/09\/Group.jpg","type":"image\/jpeg"}],"twitter_card":"summary_large_image","schema":{"@context":"https:\/\/schema.org","@graph":[{"@type":"WebPage","@id":"https:\/\/medi.ee\/ru\/%d1%83%d1%81%d0%bb%d1%83%d0%b3%d0%b0-%d1%82%d1%80%d0%b5%d0%b2%d0%be%d0%b6%d0%bd%d0%be%d0%b9-%d0%ba%d0%bd%d0%be%d0%bf%d0%ba%d0%b8\/%d0%b4%d1%80%d1%83%d0%b3%d0%b8%d0%b5-%d0%b2%d1%81%d0%bf%d0%be%d0%bc%d0%be%d0%b3%d0%b0%d1%82%d0%b5%d0%bb%d1%8c%d0%bd%d1%8b%d0%b5-%d1%81%d1%80%d0%b5%d0%b4%d1%81%d1%82%d0%b2%d0%b0\/","url":"https:\/\/medi.ee\/ru\/%d1%83%d1%81%d0%bb%d1%83%d0%b3%d0%b0-%d1%82%d1%80%d0%b5%d0%b2%d0%be%d0%b6%d0%bd%d0%be%d0%b9-%d0%ba%d0%bd%d0%be%d0%bf%d0%ba%d0%b8\/%d0%b4%d1%80%d1%83%d0%b3%d0%b8%d0%b5-%d0%b2%d1%81%d0%bf%d0%be%d0%bc%d0%be%d0%b3%d0%b0%d1%82%d0%b5%d0%bb%d1%8c%d0%bd%d1%8b%d0%b5-%d1%81%d1%80%d0%b5%d0%b4%d1%81%d1%82%d0%b2%d0%b0\/","name":"\u0414\u0440\u0443\u0433\u0438\u0435 \u0432\u0441\u043f\u043e\u043c\u043e\u0433\u0430\u0442\u0435\u043b\u044c\u043d\u044b\u0435 \u0441\u0440\u0435\u0434\u0441\u0442\u0432\u0430 | Medi.ee h\u00e4irenuputeenus","isPartOf":{"@id":"https:\/\/medi.ee\/#website"},"datePublished":"2025-09-16T17:42:28+00:00","dateModified":"2026-04-25T09:00:27+00:00","description":"Medi h\u00e4irenuputeenus on eakatele ja puuetega inimestele m\u00f5eldud sotsiaalne valveteenus, mille abil saab alati \u00fche nupuvajutusega abi kutsuda!","breadcrumb":{"@id":"https:\/\/medi.ee\/ru\/%d1%83%d1%81%d0%bb%d1%83%d0%b3%d0%b0-%d1%82%d1%80%d0%b5%d0%b2%d0%be%d0%b6%d0%bd%d0%be%d0%b9-%d0%ba%d0%bd%d0%be%d0%bf%d0%ba%d0%b8\/%d0%b4%d1%80%d1%83%d0%b3%d0%b8%d0%b5-%d0%b2%d1%81%d0%bf%d0%be%d0%bc%d0%be%d0%b3%d0%b0%d1%82%d0%b5%d0%bb%d1%8c%d0%bd%d1%8b%d0%b5-%d1%81%d1%80%d0%b5%d0%b4%d1%81%d1%82%d0%b2%d0%b0\/#breadcrumb"},"inLanguage":"ru-RU","potentialAction":[{"@type":"ReadAction","target":["https:\/\/medi.ee\/ru\/%d1%83%d1%81%d0%bb%d1%83%d0%b3%d0%b0-%d1%82%d1%80%d0%b5%d0%b2%d0%be%d0%b6%d0%bd%d0%be%d0%b9-%d0%ba%d0%bd%d0%be%d0%bf%d0%ba%d0%b8\/%d0%b4%d1%80%d1%83%d0%b3%d0%b8%d0%b5-%d0%b2%d1%81%d0%bf%d0%be%d0%bc%d0%be%d0%b3%d0%b0%d1%82%d0%b5%d0%bb%d1%8c%d0%bd%d1%8b%d0%b5-%d1%81%d1%80%d0%b5%d0%b4%d1%81%d1%82%d0%b2%d0%b0\/"]}]},{"@type":"BreadcrumbList","@id":"https:\/\/medi.ee\/ru\/%d1%83%d1%81%d0%bb%d1%83%d0%b3%d0%b0-%d1%82%d1%80%d0%b5%d0%b2%d0%be%d0%b6%d0%bd%d0%be%d0%b9-%d0%ba%d0%bd%d0%be%d0%bf%d0%ba%d0%b8\/%d0%b4%d1%80%d1%83%d0%b3%d0%b8%d0%b5-%d0%b2%d1%81%d0%bf%d0%be%d0%bc%d0%be%d0%b3%d0%b0%d1%82%d0%b5%d0%bb%d1%8c%d0%bd%d1%8b%d0%b5-%d1%81%d1%80%d0%b5%d0%b4%d1%81%d1%82%d0%b2%d0%b0\/#breadcrumb","itemListElement":[{"@type":"ListItem","position":1,"name":"Home","item":"https:\/\/medi.ee\/ru\/"},{"@type":"ListItem","position":2,"name":"\u0423\u0441\u043b\u0443\u0433\u0430 \u043e\u0442\u0432\u043b\u0435\u0447\u0435\u043d\u0438\u044f \u0432\u043d\u0438\u043c\u0430\u043d\u0438\u044f","item":"https:\/\/medi.ee\/ru\/%d1%83%d1%81%d0%bb%d1%83%d0%b3%d0%b0-%d1%82%d1%80%d0%b5%d0%b2%d0%be%d0%b6%d0%bd%d0%be%d0%b9-%d0%ba%d0%bd%d0%be%d0%bf%d0%ba%d0%b8\/"},{"@type":"ListItem","position":3,"name":"\u0414\u0440\u0443\u0433\u0438\u0435 \u0432\u0441\u043f\u043e\u043c\u043e\u0433\u0430\u0442\u0435\u043b\u044c\u043d\u044b\u0435 \u0441\u0440\u0435\u0434\u0441\u0442\u0432\u0430"}]},{"@type":"WebSite","@id":"https:\/\/medi.ee\/#website","url":"https:\/\/medi.ee\/","name":"Medi.ee h\u00e4irenuputeenus","description":"Medi osutab professionaalset h\u00e4irenuputeenust, muid iseseisva turvalise elamise lahendusi, erinevaid \u00f5ekutses\u00fcsteeme hooldekodudele ja t\u00f6\u00f6taja turvalisuse lahendusi ettev\u00f5tetele.","publisher":{"@id":"https:\/\/medi.ee\/#organization"},"potentialAction":[{"@type":"SearchAction","target":{"@type":"EntryPoint","urlTemplate":"https:\/\/medi.ee\/?s={search_term_string}"},"query-input":{"@type":"PropertyValueSpecification","valueRequired":true,"valueName":"search_term_string"}}],"inLanguage":"ru-RU"},{"@type":"Organization","@id":"https:\/\/medi.ee\/#organization","name":"Medi.ee h\u00e4irenuputeenus","url":"https:\/\/medi.ee\/","logo":{"@type":"ImageObject","inLanguage":"ru-RU","@id":"https:\/\/medi.ee\/#\/schema\/logo\/image\/","url":"https:\/\/medi.ee\/wp-content\/uploads\/2025\/09\/medi-logo.jpg","contentUrl":"https:\/\/medi.ee\/wp-content\/uploads\/2025\/09\/medi-logo.jpg","width":600,"height":600,"caption":"Medi.ee h\u00e4irenuputeenus"},"image":{"@id":"https:\/\/medi.ee\/#\/schema\/logo\/image\/"},"sameAs":["https:\/\/www.facebook.com\/medi.ee","https:\/\/ee.linkedin.com\/company\/meditech-estonia","https:\/\/www.instagram.com\/medi.hairenupp\/"]}]}},"_links":{"self":[{"href":"https:\/\/medi.ee\/ru\/wp-json\/wp\/v2\/pages\/5666","targetHints":{"allow":["GET"]}}],"collection":[{"href":"https:\/\/medi.ee\/ru\/wp-json\/wp\/v2\/pages"}],"about":[{"href":"https:\/\/medi.ee\/ru\/wp-json\/wp\/v2\/types\/page"}],"author":[{"embeddable":true,"href":"https:\/\/medi.ee\/ru\/wp-json\/wp\/v2\/users\/1"}],"replies":[{"embeddable":true,"href":"https:\/\/medi.ee\/ru\/wp-json\/wp\/v2\/comments?post=5666"}],"version-history":[{"count":1,"href":"https:\/\/medi.ee\/ru\/wp-json\/wp\/v2\/pages\/5666\/revisions"}],"predecessor-version":[{"id":5667,"href":"https:\/\/medi.ee\/ru\/wp-json\/wp\/v2\/pages\/5666\/revisions\/5667"}],"up":[{"embeddable":true,"href":"https:\/\/medi.ee\/ru\/wp-json\/wp\/v2\/pages\/5395"}],"wp:attachment":[{"href":"https:\/\/medi.ee\/ru\/wp-json\/wp\/v2\/media?parent=5666"}],"curies":[{"name":"wp","href":"https:\/\/api.w.org\/{rel}","templated":true}]}}