{"id":5662,"date":"2025-09-16T20:37:20","date_gmt":"2025-09-16T17:37:20","guid":{"rendered":"https:\/\/medi.ee\/%d1%83%d1%81%d1%82%d1%80%d0%be%d0%b9%d1%81%d1%82%d0%b2%d0%be-%d0%b4%d0%bb%d1%8f-%d0%be%d1%82%d0%ba%d1%80%d1%8b%d0%b2%d0%b0%d0%bd%d0%b8%d1%8f-%d0%b4%d0%b2%d0%b5%d1%80%d0%b5%d0%b9\/"},"modified":"2026-04-25T12:00:46","modified_gmt":"2026-04-25T09:00:46","slug":"%d1%83%d1%81%d1%82%d1%80%d0%be%d0%b9%d1%81%d1%82%d0%b2%d0%be-%d0%b4%d0%bb%d1%8f-%d0%be%d1%82%d0%ba%d1%80%d1%8b%d0%b2%d0%b0%d0%bd%d0%b8%d1%8f-%d0%b4%d0%b2%d0%b5%d1%80%d0%b5%d0%b9","status":"publish","type":"page","link":"https:\/\/medi.ee\/ru\/%d1%83%d1%81%d0%bb%d1%83%d0%b3%d0%b0-%d1%82%d1%80%d0%b5%d0%b2%d0%be%d0%b6%d0%bd%d0%be%d0%b9-%d0%ba%d0%bd%d0%be%d0%bf%d0%ba%d0%b8\/%d0%b4%d0%be%d0%bf%d0%be%d0%bb%d0%bd%d0%b8%d1%82%d0%b5%d0%bb%d1%8c%d0%bd%d1%8b%d0%b5-%d0%b4%d0%b0%d1%82%d1%87%d0%b8%d0%ba%d0%b8\/%d1%83%d1%81%d1%82%d1%80%d0%be%d0%b9%d1%81%d1%82%d0%b2%d0%be-%d0%b4%d0%bb%d1%8f-%d0%be%d1%82%d0%ba%d1%80%d1%8b%d0%b2%d0%b0%d0%bd%d0%b8%d1%8f-%d0%b4%d0%b2%d0%b5%d1%80%d0%b5%d0%b9\/","title":{"rendered":"\u0423\u0441\u0442\u0440\u043e\u0439\u0441\u0442\u0432\u043e \u0434\u043b\u044f \u043e\u0442\u043a\u0440\u044b\u0432\u0430\u043d\u0438\u044f \u0434\u0432\u0435\u0440\u0435\u0439"},"content":{"rendered":"<div id=\"pl-5662\"  class=\"panel-layout\" ><div id=\"pg-5662-0\"  class=\"panel-grid panel-has-style\" ><div class=\"panel-row-style panel-row-style-for-5662-0\" ><div id=\"pgc-5662-0-0\"  class=\"panel-grid-cell\" ><div id=\"panel-5662-0-0-0\" class=\"so-panel widget widget_theme-text panel-first-child panel-last-child\" data-index=\"0\" ><div\n\t\t\t\n\t\t\tclass=\"so-widget-theme-text so-widget-theme-text-base\"\n\t\t\t\n\t\t>\n<div class=\"theme-text-69f4bbf03462b text-truncated\" id=\"theme-text-69f4bbf03462b-content\">\n    <p>Ukseanduri p\u00f5hiomadused:<\/p>\n<ul>\n<li><strong>Tuvastab ukse avamist<\/strong><\/li>\n<li><strong>Aktiveerudes automaatne h\u00e4irek\u00f5ne<\/strong><\/li>\n<li>Sobib\u00a0<strong>k\u00f5ikidele ukset\u00fc\u00fcpidele<\/strong><\/li>\n<li>5-aastase kestusega patarei, <strong>ei vaja kaabeldust<\/strong><\/li>\n<\/ul>\n<p>Ukseandur j\u00e4lgib ukse avamist ja on kasulik siis, kui hoolealune ei peaks omap\u00e4i\u00a0korteri v\u00f5i maja v\u00e4lisuksest lahkuma. Personal v\u00f5i pereliikmed, kes sama ust kasutavad, saavad anduri deaktiveerida 10 sekundi jooksul uksest v\u00e4ljudes v\u00f5i sisenedes, selleks on ukseanduril spetsiaalne lihtne v\u00f5imalus.<\/p>\n<p>Ukseandur ei vaja erilist paigaldust\u00f6\u00f6d, nii anduri kui vastusmagneti v\u00f5ib kinnitada paari kruvi v\u00f5i kasv\u00f5i kahepoolse teibiga. Ukseandur t\u00f6\u00f6tab patareitoitel, mis kestab kuni viis aastat. Kui anduri patarei hakkab t\u00fchjenema, saadetakse Medi tehnilisele platvormile sellekohane teade ja me v\u00f5tame tellijaga \u00fchendust, et korraldada patarei vahetus.<\/p>\n<p>Ukseandur on hea lihtne lahendus saamaks kiiresti infot\u00a0n\u00e4iteks\u00a0dementse eaka kodunt lahkumise korral.<\/p>\n<\/div>\n    <a href=\"#\" class=\"read-more-link\" data-target=\"theme-text-69f4bbf03462b-content\">Loe rohkem<\/a>\n    <script>\n        document.addEventListener('DOMContentLoaded', function() {\n            const link = document.querySelector('.theme-text-69f4bbf03462b + .read-more-link');\n            const content = document.querySelector('#theme-text-69f4bbf03462b-content');\n            if (link && content) {\n                link.addEventListener('click', function(e) {\n                    e.preventDefault();\n                    content.classList.remove('text-truncated');\n                    link.style.display = 'none';\n                });\n            }\n        });\n    <\/script>\n\n<style>.theme-text-69f4bbf03462b{color:#333;font-weight:400;font-size:1rem;line-height:{normal};margin:0 0 0 0;padding:0 0 0 0;text-align:left}.theme-text-69f4bbf03462b.text-truncated{display:-webkit-box;-webkit-box-orient:vertical;-webkit-line-clamp:8;overflow:hidden;text-overflow:ellipsis}@media (max-width:767px){.theme-text-69f4bbf03462b{font-size:.9rem;line-height:{normal};margin:0 0 0 0;padding:0 0 0 0;text-align:left}}<\/style><\/div><\/div><\/div><div id=\"pgc-5662-0-1\"  class=\"panel-grid-cell\" ><div id=\"panel-5662-0-1-0\" class=\"so-panel widget widget_theme-text panel-first-child panel-last-child\" data-index=\"1\" ><div\n\t\t\t\n\t\t\tclass=\"so-widget-theme-text so-widget-theme-text-base\"\n\t\t\t\n\t\t>\n<div class=\"theme-text-69f4bbf034d88 \" id=\"theme-text-69f4bbf034d88-content\">\n    <p><img loading=\"lazy\" decoding=\"async\" class=\"alignnone size-full wp-image-4559\" src=\"https:\/\/medi.ee\/wp-content\/uploads\/2025\/09\/medi-uksealarm-vaike.jpg\" alt=\"\" width=\"500\" height=\"332\" srcset=\"https:\/\/medi.ee\/wp-content\/uploads\/2025\/09\/medi-uksealarm-vaike.jpg 500w, https:\/\/medi.ee\/wp-content\/uploads\/2025\/09\/medi-uksealarm-vaike-300x199.jpg 300w, https:\/\/medi.ee\/wp-content\/uploads\/2025\/09\/medi-uksealarm-vaike-272x182.jpg 272w\" sizes=\"auto, (max-width: 500px) 100vw, 500px\" \/><\/p>\n<\/div>\n\n<style>.theme-text-69f4bbf034d88{color:#333;font-weight:400;font-size:1rem;line-height:{normal};margin:0 0 0 0;padding:0 0 0 0;text-align:left}.theme-text-69f4bbf034d88.text-truncated{display:-webkit-box;-webkit-box-orient:vertical;-webkit-line-clamp:0;overflow:hidden;text-overflow:ellipsis}@media (max-width:767px){.theme-text-69f4bbf034d88{font-size:.9rem;line-height:{normal};margin:0 0 0 0;padding:0 0 0 0;text-align:left}}<\/style><\/div><\/div><\/div><\/div><\/div><\/div>","protected":false},"excerpt":{"rendered":"<p>Ukseanduri p\u00f5hiomadused: Tuvastab ukse avamist Aktiveerudes automaatne h\u00e4irek\u00f5ne Sobib\u00a0k\u00f5ikidele ukset\u00fc\u00fcpidele 5-aastase kestusega patarei, ei vaja kaabeldust Ukseandur j\u00e4lgib ukse avamist ja on kasulik siis, kui hoolealune ei peaks omap\u00e4i\u00a0korteri v\u00f5i maja v\u00e4lisuksest lahkuma. Personal v\u00f5i pereliikmed, kes sama ust kasutavad, saavad anduri deaktiveerida 10 sekundi jooksul uksest v\u00e4ljudes v\u00f5i sisenedes, selleks on ukseanduril spetsiaalne lihtne [&hellip;]<\/p>\n","protected":false},"author":1,"featured_media":0,"parent":5716,"menu_order":0,"comment_status":"closed","ping_status":"closed","template":"","meta":{"_acf_changed":false,"footnotes":""},"class_list":["post-5662","page","type-page","status-publish","hentry"],"acf":[],"yoast_head":"<!-- This site is optimized with the Yoast SEO plugin v27.3 - https:\/\/yoast.com\/product\/yoast-seo-wordpress\/ -->\n<title>\u0423\u0441\u0442\u0440\u043e\u0439\u0441\u0442\u0432\u043e \u0434\u043b\u044f \u043e\u0442\u043a\u0440\u044b\u0432\u0430\u043d\u0438\u044f \u0434\u0432\u0435\u0440\u0435\u0439 | Medi.ee h\u00e4irenuputeenus<\/title>\n<meta name=\"description\" content=\"Medi h\u00e4irenuputeenus on eakatele ja puuetega inimestele m\u00f5eldud sotsiaalne valveteenus, mille abil saab alati \u00fche nupuvajutusega abi kutsuda!\" \/>\n<meta name=\"robots\" content=\"index, follow, max-snippet:-1, max-image-preview:large, max-video-preview:-1\" \/>\n<link rel=\"canonical\" href=\"https:\/\/www.medi.ee\/ru\/\u0443\u0441\u043b\u0443\u0433\u0430-\u0442\u0440\u0435\u0432\u043e\u0436\u043d\u043e\u0439-\u043a\u043d\u043e\u043f\u043a\u0438\/\u0434\u043e\u043f\u043e\u043b\u043d\u0438\u0442\u0435\u043b\u044c\u043d\u044b\u0435-\u0434\u0430\u0442\u0447\u0438\u043a\u0438\/\u0443\u0441\u0442\u0440\u043e\u0439\u0441\u0442\u0432\u043e-\u0434\u043b\u044f-\u043e\u0442\u043a\u0440\u044b\u0432\u0430\u043d\u0438\u044f-\u0434\u0432\u0435\u0440\u0435\u0439\/\" \/>\n<meta property=\"og:locale\" content=\"ru_RU\" \/>\n<meta property=\"og:type\" content=\"article\" \/>\n<meta property=\"og:title\" content=\"\u0423\u0441\u0442\u0440\u043e\u0439\u0441\u0442\u0432\u043e \u0434\u043b\u044f \u043e\u0442\u043a\u0440\u044b\u0432\u0430\u043d\u0438\u044f \u0434\u0432\u0435\u0440\u0435\u0439 | Medi.ee h\u00e4irenuputeenus\" \/>\n<meta property=\"og:description\" content=\"Medi h\u00e4irenuputeenus on eakatele ja puuetega inimestele m\u00f5eldud sotsiaalne valveteenus, mille abil saab alati \u00fche nupuvajutusega abi kutsuda!\" \/>\n<meta property=\"og:url\" content=\"https:\/\/www.medi.ee\/ru\/\u0443\u0441\u043b\u0443\u0433\u0430-\u0442\u0440\u0435\u0432\u043e\u0436\u043d\u043e\u0439-\u043a\u043d\u043e\u043f\u043a\u0438\/\u0434\u043e\u043f\u043e\u043b\u043d\u0438\u0442\u0435\u043b\u044c\u043d\u044b\u0435-\u0434\u0430\u0442\u0447\u0438\u043a\u0438\/\u0443\u0441\u0442\u0440\u043e\u0439\u0441\u0442\u0432\u043e-\u0434\u043b\u044f-\u043e\u0442\u043a\u0440\u044b\u0432\u0430\u043d\u0438\u044f-\u0434\u0432\u0435\u0440\u0435\u0439\/\" \/>\n<meta property=\"og:site_name\" content=\"Medi.ee h\u00e4irenuputeenus\" \/>\n<meta property=\"article:publisher\" content=\"https:\/\/www.facebook.com\/medi.ee\" \/>\n<meta property=\"article:modified_time\" content=\"2026-04-25T09:00:46+00:00\" \/>\n<meta property=\"og:image\" content=\"https:\/\/medi.ee\/wp-content\/uploads\/2025\/09\/Group.jpg\" \/>\n\t<meta property=\"og:image:width\" content=\"1600\" \/>\n\t<meta property=\"og:image:height\" content=\"728\" \/>\n\t<meta property=\"og:image:type\" content=\"image\/jpeg\" \/>\n<meta name=\"twitter:card\" content=\"summary_large_image\" \/>\n<script type=\"application\/ld+json\" class=\"yoast-schema-graph\">{\"@context\":\"https:\\\/\\\/schema.org\",\"@graph\":[{\"@type\":\"WebPage\",\"@id\":\"https:\\\/\\\/www.medi.ee\\\/ru\\\/%d1%83%d1%81%d0%bb%d1%83%d0%b3%d0%b0-%d1%82%d1%80%d0%b5%d0%b2%d0%be%d0%b6%d0%bd%d0%be%d0%b9-%d0%ba%d0%bd%d0%be%d0%bf%d0%ba%d0%b8\\\/%d0%b4%d0%be%d0%bf%d0%be%d0%bb%d0%bd%d0%b8%d1%82%d0%b5%d0%bb%d1%8c%d0%bd%d1%8b%d0%b5-%d0%b4%d0%b0%d1%82%d1%87%d0%b8%d0%ba%d0%b8\\\/%d1%83%d1%81%d1%82%d1%80%d0%be%d0%b9%d1%81%d1%82%d0%b2%d0%be-%d0%b4%d0%bb%d1%8f-%d0%be%d1%82%d0%ba%d1%80%d1%8b%d0%b2%d0%b0%d0%bd%d0%b8%d1%8f-%d0%b4%d0%b2%d0%b5%d1%80%d0%b5%d0%b9\\\/\",\"url\":\"https:\\\/\\\/www.medi.ee\\\/ru\\\/%d1%83%d1%81%d0%bb%d1%83%d0%b3%d0%b0-%d1%82%d1%80%d0%b5%d0%b2%d0%be%d0%b6%d0%bd%d0%be%d0%b9-%d0%ba%d0%bd%d0%be%d0%bf%d0%ba%d0%b8\\\/%d0%b4%d0%be%d0%bf%d0%be%d0%bb%d0%bd%d0%b8%d1%82%d0%b5%d0%bb%d1%8c%d0%bd%d1%8b%d0%b5-%d0%b4%d0%b0%d1%82%d1%87%d0%b8%d0%ba%d0%b8\\\/%d1%83%d1%81%d1%82%d1%80%d0%be%d0%b9%d1%81%d1%82%d0%b2%d0%be-%d0%b4%d0%bb%d1%8f-%d0%be%d1%82%d0%ba%d1%80%d1%8b%d0%b2%d0%b0%d0%bd%d0%b8%d1%8f-%d0%b4%d0%b2%d0%b5%d1%80%d0%b5%d0%b9\\\/\",\"name\":\"\u0423\u0441\u0442\u0440\u043e\u0439\u0441\u0442\u0432\u043e \u0434\u043b\u044f \u043e\u0442\u043a\u0440\u044b\u0432\u0430\u043d\u0438\u044f \u0434\u0432\u0435\u0440\u0435\u0439 | Medi.ee h\u00e4irenuputeenus\",\"isPartOf\":{\"@id\":\"https:\\\/\\\/www.medi.ee\\\/ru\\\/#website\"},\"datePublished\":\"2025-09-16T17:37:20+00:00\",\"dateModified\":\"2026-04-25T09:00:46+00:00\",\"description\":\"Medi h\u00e4irenuputeenus on eakatele ja puuetega inimestele m\u00f5eldud sotsiaalne valveteenus, mille abil saab alati \u00fche nupuvajutusega abi kutsuda!\",\"breadcrumb\":{\"@id\":\"https:\\\/\\\/www.medi.ee\\\/ru\\\/%d1%83%d1%81%d0%bb%d1%83%d0%b3%d0%b0-%d1%82%d1%80%d0%b5%d0%b2%d0%be%d0%b6%d0%bd%d0%be%d0%b9-%d0%ba%d0%bd%d0%be%d0%bf%d0%ba%d0%b8\\\/%d0%b4%d0%be%d0%bf%d0%be%d0%bb%d0%bd%d0%b8%d1%82%d0%b5%d0%bb%d1%8c%d0%bd%d1%8b%d0%b5-%d0%b4%d0%b0%d1%82%d1%87%d0%b8%d0%ba%d0%b8\\\/%d1%83%d1%81%d1%82%d1%80%d0%be%d0%b9%d1%81%d1%82%d0%b2%d0%be-%d0%b4%d0%bb%d1%8f-%d0%be%d1%82%d0%ba%d1%80%d1%8b%d0%b2%d0%b0%d0%bd%d0%b8%d1%8f-%d0%b4%d0%b2%d0%b5%d1%80%d0%b5%d0%b9\\\/#breadcrumb\"},\"inLanguage\":\"ru-RU\",\"potentialAction\":[{\"@type\":\"ReadAction\",\"target\":[\"https:\\\/\\\/www.medi.ee\\\/ru\\\/%d1%83%d1%81%d0%bb%d1%83%d0%b3%d0%b0-%d1%82%d1%80%d0%b5%d0%b2%d0%be%d0%b6%d0%bd%d0%be%d0%b9-%d0%ba%d0%bd%d0%be%d0%bf%d0%ba%d0%b8\\\/%d0%b4%d0%be%d0%bf%d0%be%d0%bb%d0%bd%d0%b8%d1%82%d0%b5%d0%bb%d1%8c%d0%bd%d1%8b%d0%b5-%d0%b4%d0%b0%d1%82%d1%87%d0%b8%d0%ba%d0%b8\\\/%d1%83%d1%81%d1%82%d1%80%d0%be%d0%b9%d1%81%d1%82%d0%b2%d0%be-%d0%b4%d0%bb%d1%8f-%d0%be%d1%82%d0%ba%d1%80%d1%8b%d0%b2%d0%b0%d0%bd%d0%b8%d1%8f-%d0%b4%d0%b2%d0%b5%d1%80%d0%b5%d0%b9\\\/\"]}]},{\"@type\":\"BreadcrumbList\",\"@id\":\"https:\\\/\\\/www.medi.ee\\\/ru\\\/%d1%83%d1%81%d0%bb%d1%83%d0%b3%d0%b0-%d1%82%d1%80%d0%b5%d0%b2%d0%be%d0%b6%d0%bd%d0%be%d0%b9-%d0%ba%d0%bd%d0%be%d0%bf%d0%ba%d0%b8\\\/%d0%b4%d0%be%d0%bf%d0%be%d0%bb%d0%bd%d0%b8%d1%82%d0%b5%d0%bb%d1%8c%d0%bd%d1%8b%d0%b5-%d0%b4%d0%b0%d1%82%d1%87%d0%b8%d0%ba%d0%b8\\\/%d1%83%d1%81%d1%82%d1%80%d0%be%d0%b9%d1%81%d1%82%d0%b2%d0%be-%d0%b4%d0%bb%d1%8f-%d0%be%d1%82%d0%ba%d1%80%d1%8b%d0%b2%d0%b0%d0%bd%d0%b8%d1%8f-%d0%b4%d0%b2%d0%b5%d1%80%d0%b5%d0%b9\\\/#breadcrumb\",\"itemListElement\":[{\"@type\":\"ListItem\",\"position\":1,\"name\":\"Home\",\"item\":\"https:\\\/\\\/www.medi.ee\\\/ru\\\/\"},{\"@type\":\"ListItem\",\"position\":2,\"name\":\"\u0423\u0441\u043b\u0443\u0433\u0430 \u043e\u0442\u0432\u043b\u0435\u0447\u0435\u043d\u0438\u044f \u0432\u043d\u0438\u043c\u0430\u043d\u0438\u044f\",\"item\":\"https:\\\/\\\/www.medi.ee\\\/ru\\\/%d1%83%d1%81%d0%bb%d1%83%d0%b3%d0%b0-%d1%82%d1%80%d0%b5%d0%b2%d0%be%d0%b6%d0%bd%d0%be%d0%b9-%d0%ba%d0%bd%d0%be%d0%bf%d0%ba%d0%b8\\\/\"},{\"@type\":\"ListItem\",\"position\":3,\"name\":\"\u0414\u043e\u043f\u043e\u043b\u043d\u0438\u0442\u0435\u043b\u044c\u043d\u044b\u0435 \u0434\u0430\u0442\u0447\u0438\u043a\u0438\",\"item\":\"https:\\\/\\\/www.medi.ee\\\/ru\\\/%d1%83%d1%81%d0%bb%d1%83%d0%b3%d0%b0-%d1%82%d1%80%d0%b5%d0%b2%d0%be%d0%b6%d0%bd%d0%be%d0%b9-%d0%ba%d0%bd%d0%be%d0%bf%d0%ba%d0%b8\\\/%d0%b4%d0%be%d0%bf%d0%be%d0%bb%d0%bd%d0%b8%d1%82%d0%b5%d0%bb%d1%8c%d0%bd%d1%8b%d0%b5-%d0%b4%d0%b0%d1%82%d1%87%d0%b8%d0%ba%d0%b8\\\/\"},{\"@type\":\"ListItem\",\"position\":4,\"name\":\"\u0423\u0441\u0442\u0440\u043e\u0439\u0441\u0442\u0432\u043e \u0434\u043b\u044f \u043e\u0442\u043a\u0440\u044b\u0432\u0430\u043d\u0438\u044f \u0434\u0432\u0435\u0440\u0435\u0439\"}]},{\"@type\":\"WebSite\",\"@id\":\"https:\\\/\\\/www.medi.ee\\\/ru\\\/#website\",\"url\":\"https:\\\/\\\/www.medi.ee\\\/ru\\\/\",\"name\":\"Medi.ee h\u00e4irenuputeenus\",\"description\":\"Medi osutab professionaalset h\u00e4irenuputeenust, muid iseseisva turvalise elamise lahendusi, erinevaid \u00f5ekutses\u00fcsteeme hooldekodudele ja t\u00f6\u00f6taja turvalisuse lahendusi ettev\u00f5tetele.\",\"publisher\":{\"@id\":\"https:\\\/\\\/www.medi.ee\\\/ru\\\/#organization\"},\"potentialAction\":[{\"@type\":\"SearchAction\",\"target\":{\"@type\":\"EntryPoint\",\"urlTemplate\":\"https:\\\/\\\/www.medi.ee\\\/ru\\\/?s={search_term_string}\"},\"query-input\":{\"@type\":\"PropertyValueSpecification\",\"valueRequired\":true,\"valueName\":\"search_term_string\"}}],\"inLanguage\":\"ru-RU\"},{\"@type\":\"Organization\",\"@id\":\"https:\\\/\\\/www.medi.ee\\\/ru\\\/#organization\",\"name\":\"Medi.ee h\u00e4irenuputeenus\",\"url\":\"https:\\\/\\\/www.medi.ee\\\/ru\\\/\",\"logo\":{\"@type\":\"ImageObject\",\"inLanguage\":\"ru-RU\",\"@id\":\"https:\\\/\\\/www.medi.ee\\\/ru\\\/#\\\/schema\\\/logo\\\/image\\\/\",\"url\":\"https:\\\/\\\/medi.ee\\\/wp-content\\\/uploads\\\/2025\\\/09\\\/medi-logo.jpg\",\"contentUrl\":\"https:\\\/\\\/medi.ee\\\/wp-content\\\/uploads\\\/2025\\\/09\\\/medi-logo.jpg\",\"width\":600,\"height\":600,\"caption\":\"Medi.ee h\u00e4irenuputeenus\"},\"image\":{\"@id\":\"https:\\\/\\\/www.medi.ee\\\/ru\\\/#\\\/schema\\\/logo\\\/image\\\/\"},\"sameAs\":[\"https:\\\/\\\/www.facebook.com\\\/medi.ee\",\"https:\\\/\\\/ee.linkedin.com\\\/company\\\/meditech-estonia\",\"https:\\\/\\\/www.instagram.com\\\/medi.hairenupp\\\/\"]}]}<\/script>\n<!-- \/ Yoast SEO plugin. -->","yoast_head_json":{"title":"\u0423\u0441\u0442\u0440\u043e\u0439\u0441\u0442\u0432\u043e \u0434\u043b\u044f \u043e\u0442\u043a\u0440\u044b\u0432\u0430\u043d\u0438\u044f \u0434\u0432\u0435\u0440\u0435\u0439 | Medi.ee h\u00e4irenuputeenus","description":"Medi h\u00e4irenuputeenus on eakatele ja puuetega inimestele m\u00f5eldud sotsiaalne valveteenus, mille abil saab alati \u00fche nupuvajutusega abi kutsuda!","robots":{"index":"index","follow":"follow","max-snippet":"max-snippet:-1","max-image-preview":"max-image-preview:large","max-video-preview":"max-video-preview:-1"},"canonical":"https:\/\/www.medi.ee\/ru\/\u0443\u0441\u043b\u0443\u0433\u0430-\u0442\u0440\u0435\u0432\u043e\u0436\u043d\u043e\u0439-\u043a\u043d\u043e\u043f\u043a\u0438\/\u0434\u043e\u043f\u043e\u043b\u043d\u0438\u0442\u0435\u043b\u044c\u043d\u044b\u0435-\u0434\u0430\u0442\u0447\u0438\u043a\u0438\/\u0443\u0441\u0442\u0440\u043e\u0439\u0441\u0442\u0432\u043e-\u0434\u043b\u044f-\u043e\u0442\u043a\u0440\u044b\u0432\u0430\u043d\u0438\u044f-\u0434\u0432\u0435\u0440\u0435\u0439\/","og_locale":"ru_RU","og_type":"article","og_title":"\u0423\u0441\u0442\u0440\u043e\u0439\u0441\u0442\u0432\u043e \u0434\u043b\u044f \u043e\u0442\u043a\u0440\u044b\u0432\u0430\u043d\u0438\u044f \u0434\u0432\u0435\u0440\u0435\u0439 | Medi.ee h\u00e4irenuputeenus","og_description":"Medi h\u00e4irenuputeenus on eakatele ja puuetega inimestele m\u00f5eldud sotsiaalne valveteenus, mille abil saab alati \u00fche nupuvajutusega abi kutsuda!","og_url":"https:\/\/www.medi.ee\/ru\/\u0443\u0441\u043b\u0443\u0433\u0430-\u0442\u0440\u0435\u0432\u043e\u0436\u043d\u043e\u0439-\u043a\u043d\u043e\u043f\u043a\u0438\/\u0434\u043e\u043f\u043e\u043b\u043d\u0438\u0442\u0435\u043b\u044c\u043d\u044b\u0435-\u0434\u0430\u0442\u0447\u0438\u043a\u0438\/\u0443\u0441\u0442\u0440\u043e\u0439\u0441\u0442\u0432\u043e-\u0434\u043b\u044f-\u043e\u0442\u043a\u0440\u044b\u0432\u0430\u043d\u0438\u044f-\u0434\u0432\u0435\u0440\u0435\u0439\/","og_site_name":"Medi.ee h\u00e4irenuputeenus","article_publisher":"https:\/\/www.facebook.com\/medi.ee","article_modified_time":"2026-04-25T09:00:46+00:00","og_image":[{"width":1600,"height":728,"url":"https:\/\/medi.ee\/wp-content\/uploads\/2025\/09\/Group.jpg","type":"image\/jpeg"}],"twitter_card":"summary_large_image","schema":{"@context":"https:\/\/schema.org","@graph":[{"@type":"WebPage","@id":"https:\/\/www.medi.ee\/ru\/%d1%83%d1%81%d0%bb%d1%83%d0%b3%d0%b0-%d1%82%d1%80%d0%b5%d0%b2%d0%be%d0%b6%d0%bd%d0%be%d0%b9-%d0%ba%d0%bd%d0%be%d0%bf%d0%ba%d0%b8\/%d0%b4%d0%be%d0%bf%d0%be%d0%bb%d0%bd%d0%b8%d1%82%d0%b5%d0%bb%d1%8c%d0%bd%d1%8b%d0%b5-%d0%b4%d0%b0%d1%82%d1%87%d0%b8%d0%ba%d0%b8\/%d1%83%d1%81%d1%82%d1%80%d0%be%d0%b9%d1%81%d1%82%d0%b2%d0%be-%d0%b4%d0%bb%d1%8f-%d0%be%d1%82%d0%ba%d1%80%d1%8b%d0%b2%d0%b0%d0%bd%d0%b8%d1%8f-%d0%b4%d0%b2%d0%b5%d1%80%d0%b5%d0%b9\/","url":"https:\/\/www.medi.ee\/ru\/%d1%83%d1%81%d0%bb%d1%83%d0%b3%d0%b0-%d1%82%d1%80%d0%b5%d0%b2%d0%be%d0%b6%d0%bd%d0%be%d0%b9-%d0%ba%d0%bd%d0%be%d0%bf%d0%ba%d0%b8\/%d0%b4%d0%be%d0%bf%d0%be%d0%bb%d0%bd%d0%b8%d1%82%d0%b5%d0%bb%d1%8c%d0%bd%d1%8b%d0%b5-%d0%b4%d0%b0%d1%82%d1%87%d0%b8%d0%ba%d0%b8\/%d1%83%d1%81%d1%82%d1%80%d0%be%d0%b9%d1%81%d1%82%d0%b2%d0%be-%d0%b4%d0%bb%d1%8f-%d0%be%d1%82%d0%ba%d1%80%d1%8b%d0%b2%d0%b0%d0%bd%d0%b8%d1%8f-%d0%b4%d0%b2%d0%b5%d1%80%d0%b5%d0%b9\/","name":"\u0423\u0441\u0442\u0440\u043e\u0439\u0441\u0442\u0432\u043e \u0434\u043b\u044f \u043e\u0442\u043a\u0440\u044b\u0432\u0430\u043d\u0438\u044f \u0434\u0432\u0435\u0440\u0435\u0439 | Medi.ee h\u00e4irenuputeenus","isPartOf":{"@id":"https:\/\/www.medi.ee\/ru\/#website"},"datePublished":"2025-09-16T17:37:20+00:00","dateModified":"2026-04-25T09:00:46+00:00","description":"Medi h\u00e4irenuputeenus on eakatele ja puuetega inimestele m\u00f5eldud sotsiaalne valveteenus, mille abil saab alati \u00fche nupuvajutusega abi kutsuda!","breadcrumb":{"@id":"https:\/\/www.medi.ee\/ru\/%d1%83%d1%81%d0%bb%d1%83%d0%b3%d0%b0-%d1%82%d1%80%d0%b5%d0%b2%d0%be%d0%b6%d0%bd%d0%be%d0%b9-%d0%ba%d0%bd%d0%be%d0%bf%d0%ba%d0%b8\/%d0%b4%d0%be%d0%bf%d0%be%d0%bb%d0%bd%d0%b8%d1%82%d0%b5%d0%bb%d1%8c%d0%bd%d1%8b%d0%b5-%d0%b4%d0%b0%d1%82%d1%87%d0%b8%d0%ba%d0%b8\/%d1%83%d1%81%d1%82%d1%80%d0%be%d0%b9%d1%81%d1%82%d0%b2%d0%be-%d0%b4%d0%bb%d1%8f-%d0%be%d1%82%d0%ba%d1%80%d1%8b%d0%b2%d0%b0%d0%bd%d0%b8%d1%8f-%d0%b4%d0%b2%d0%b5%d1%80%d0%b5%d0%b9\/#breadcrumb"},"inLanguage":"ru-RU","potentialAction":[{"@type":"ReadAction","target":["https:\/\/www.medi.ee\/ru\/%d1%83%d1%81%d0%bb%d1%83%d0%b3%d0%b0-%d1%82%d1%80%d0%b5%d0%b2%d0%be%d0%b6%d0%bd%d0%be%d0%b9-%d0%ba%d0%bd%d0%be%d0%bf%d0%ba%d0%b8\/%d0%b4%d0%be%d0%bf%d0%be%d0%bb%d0%bd%d0%b8%d1%82%d0%b5%d0%bb%d1%8c%d0%bd%d1%8b%d0%b5-%d0%b4%d0%b0%d1%82%d1%87%d0%b8%d0%ba%d0%b8\/%d1%83%d1%81%d1%82%d1%80%d0%be%d0%b9%d1%81%d1%82%d0%b2%d0%be-%d0%b4%d0%bb%d1%8f-%d0%be%d1%82%d0%ba%d1%80%d1%8b%d0%b2%d0%b0%d0%bd%d0%b8%d1%8f-%d0%b4%d0%b2%d0%b5%d1%80%d0%b5%d0%b9\/"]}]},{"@type":"BreadcrumbList","@id":"https:\/\/www.medi.ee\/ru\/%d1%83%d1%81%d0%bb%d1%83%d0%b3%d0%b0-%d1%82%d1%80%d0%b5%d0%b2%d0%be%d0%b6%d0%bd%d0%be%d0%b9-%d0%ba%d0%bd%d0%be%d0%bf%d0%ba%d0%b8\/%d0%b4%d0%be%d0%bf%d0%be%d0%bb%d0%bd%d0%b8%d1%82%d0%b5%d0%bb%d1%8c%d0%bd%d1%8b%d0%b5-%d0%b4%d0%b0%d1%82%d1%87%d0%b8%d0%ba%d0%b8\/%d1%83%d1%81%d1%82%d1%80%d0%be%d0%b9%d1%81%d1%82%d0%b2%d0%be-%d0%b4%d0%bb%d1%8f-%d0%be%d1%82%d0%ba%d1%80%d1%8b%d0%b2%d0%b0%d0%bd%d0%b8%d1%8f-%d0%b4%d0%b2%d0%b5%d1%80%d0%b5%d0%b9\/#breadcrumb","itemListElement":[{"@type":"ListItem","position":1,"name":"Home","item":"https:\/\/www.medi.ee\/ru\/"},{"@type":"ListItem","position":2,"name":"\u0423\u0441\u043b\u0443\u0433\u0430 \u043e\u0442\u0432\u043b\u0435\u0447\u0435\u043d\u0438\u044f \u0432\u043d\u0438\u043c\u0430\u043d\u0438\u044f","item":"https:\/\/www.medi.ee\/ru\/%d1%83%d1%81%d0%bb%d1%83%d0%b3%d0%b0-%d1%82%d1%80%d0%b5%d0%b2%d0%be%d0%b6%d0%bd%d0%be%d0%b9-%d0%ba%d0%bd%d0%be%d0%bf%d0%ba%d0%b8\/"},{"@type":"ListItem","position":3,"name":"\u0414\u043e\u043f\u043e\u043b\u043d\u0438\u0442\u0435\u043b\u044c\u043d\u044b\u0435 \u0434\u0430\u0442\u0447\u0438\u043a\u0438","item":"https:\/\/www.medi.ee\/ru\/%d1%83%d1%81%d0%bb%d1%83%d0%b3%d0%b0-%d1%82%d1%80%d0%b5%d0%b2%d0%be%d0%b6%d0%bd%d0%be%d0%b9-%d0%ba%d0%bd%d0%be%d0%bf%d0%ba%d0%b8\/%d0%b4%d0%be%d0%bf%d0%be%d0%bb%d0%bd%d0%b8%d1%82%d0%b5%d0%bb%d1%8c%d0%bd%d1%8b%d0%b5-%d0%b4%d0%b0%d1%82%d1%87%d0%b8%d0%ba%d0%b8\/"},{"@type":"ListItem","position":4,"name":"\u0423\u0441\u0442\u0440\u043e\u0439\u0441\u0442\u0432\u043e \u0434\u043b\u044f \u043e\u0442\u043a\u0440\u044b\u0432\u0430\u043d\u0438\u044f \u0434\u0432\u0435\u0440\u0435\u0439"}]},{"@type":"WebSite","@id":"https:\/\/www.medi.ee\/ru\/#website","url":"https:\/\/www.medi.ee\/ru\/","name":"Medi.ee h\u00e4irenuputeenus","description":"Medi osutab professionaalset h\u00e4irenuputeenust, muid iseseisva turvalise elamise lahendusi, erinevaid \u00f5ekutses\u00fcsteeme hooldekodudele ja t\u00f6\u00f6taja turvalisuse lahendusi ettev\u00f5tetele.","publisher":{"@id":"https:\/\/www.medi.ee\/ru\/#organization"},"potentialAction":[{"@type":"SearchAction","target":{"@type":"EntryPoint","urlTemplate":"https:\/\/www.medi.ee\/ru\/?s={search_term_string}"},"query-input":{"@type":"PropertyValueSpecification","valueRequired":true,"valueName":"search_term_string"}}],"inLanguage":"ru-RU"},{"@type":"Organization","@id":"https:\/\/www.medi.ee\/ru\/#organization","name":"Medi.ee h\u00e4irenuputeenus","url":"https:\/\/www.medi.ee\/ru\/","logo":{"@type":"ImageObject","inLanguage":"ru-RU","@id":"https:\/\/www.medi.ee\/ru\/#\/schema\/logo\/image\/","url":"https:\/\/medi.ee\/wp-content\/uploads\/2025\/09\/medi-logo.jpg","contentUrl":"https:\/\/medi.ee\/wp-content\/uploads\/2025\/09\/medi-logo.jpg","width":600,"height":600,"caption":"Medi.ee h\u00e4irenuputeenus"},"image":{"@id":"https:\/\/www.medi.ee\/ru\/#\/schema\/logo\/image\/"},"sameAs":["https:\/\/www.facebook.com\/medi.ee","https:\/\/ee.linkedin.com\/company\/meditech-estonia","https:\/\/www.instagram.com\/medi.hairenupp\/"]}]}},"_links":{"self":[{"href":"https:\/\/medi.ee\/ru\/wp-json\/wp\/v2\/pages\/5662","targetHints":{"allow":["GET"]}}],"collection":[{"href":"https:\/\/medi.ee\/ru\/wp-json\/wp\/v2\/pages"}],"about":[{"href":"https:\/\/medi.ee\/ru\/wp-json\/wp\/v2\/types\/page"}],"author":[{"embeddable":true,"href":"https:\/\/medi.ee\/ru\/wp-json\/wp\/v2\/users\/1"}],"replies":[{"embeddable":true,"href":"https:\/\/medi.ee\/ru\/wp-json\/wp\/v2\/comments?post=5662"}],"version-history":[{"count":1,"href":"https:\/\/medi.ee\/ru\/wp-json\/wp\/v2\/pages\/5662\/revisions"}],"predecessor-version":[{"id":5663,"href":"https:\/\/medi.ee\/ru\/wp-json\/wp\/v2\/pages\/5662\/revisions\/5663"}],"up":[{"embeddable":true,"href":"https:\/\/medi.ee\/ru\/wp-json\/wp\/v2\/pages\/5716"}],"wp:attachment":[{"href":"https:\/\/medi.ee\/ru\/wp-json\/wp\/v2\/media?parent=5662"}],"curies":[{"name":"wp","href":"https:\/\/api.w.org\/{rel}","templated":true}]}}