{"id":5416,"date":"2025-08-10T11:58:24","date_gmt":"2025-08-10T08:58:24","guid":{"rendered":"https:\/\/medi.ee\/privaatsustingimused\/"},"modified":"2025-12-23T09:12:22","modified_gmt":"2025-12-23T07:12:22","slug":"%d0%bf%d0%be%d0%bb%d0%b8%d1%82%d0%b8%d0%ba%d0%b0-%d0%ba%d0%be%d0%bd%d1%84%d0%b8%d0%b4%d0%b5%d0%bd%d1%86%d0%b8%d0%b0%d0%bb%d1%8c%d0%bd%d0%be%d1%81%d1%82%d0%b8","status":"publish","type":"page","link":"https:\/\/medi.ee\/ru\/%d0%bf%d0%be%d0%bb%d0%b8%d1%82%d0%b8%d0%ba%d0%b0-%d0%ba%d0%be%d0%bd%d1%84%d0%b8%d0%b4%d0%b5%d0%bd%d1%86%d0%b8%d0%b0%d0%bb%d1%8c%d0%bd%d0%be%d1%81%d1%82%d0%b8\/","title":{"rendered":"\u041f\u043e\u043b\u0438\u0442\u0438\u043a\u0430 \u043a\u043e\u043d\u0444\u0438\u0434\u0435\u043d\u0446\u0438\u0430\u043b\u044c\u043d\u043e\u0441\u0442\u0438"},"content":{"rendered":"<div id=\"pl-185\"  class=\"panel-layout\" ><div id=\"pg-185-0\"  class=\"panel-grid panel-has-style\"  data-style=\"{&quot;padding&quot;:&quot;50px 0px 0px 0px&quot;,&quot;background_image_attachment&quot;:false,&quot;background_display&quot;:&quot;tile&quot;,&quot;background_image_size&quot;:&quot;full&quot;,&quot;background_image_opacity&quot;:&quot;100&quot;,&quot;border_thickness&quot;:&quot;1px&quot;,&quot;full_height&quot;:&quot;&quot;,&quot;bottom_margin&quot;:&quot;70px&quot;,&quot;cell_alignment&quot;:&quot;flex-start&quot;,&quot;disable_row&quot;:&quot;&quot;,&quot;disable_desktop&quot;:&quot;&quot;,&quot;disable_tablet&quot;:&quot;&quot;,&quot;disable_mobile&quot;:&quot;&quot;,&quot;disable_logged_out&quot;:&quot;&quot;,&quot;disable_logged_in&quot;:&quot;&quot;}\" ><div class=\"panel-row-style panel-row-style-for-185-0\" ><div id=\"pgc-185-0-0\"  class=\"panel-grid-cell\"  data-weight=\"1\" ><div id=\"panel-185-0-0-0\" class=\"so-panel widget widget_sow-editor panel-first-child panel-last-child\" data-index=\"0\" ><div\r\n\t\t\t\r\n\t\t\tclass=\"so-widget-sow-editor so-widget-sow-editor-base\"\r\n\t\t\t\r\n\t\t>\r\n<div class=\"siteorigin-widget-tinymce textwidget\">\r\n\t\r\n<h3>1. ISIKUANDMETE T\u00d6\u00d6TLEMINE (PRIVAATSUSPOLIITIKA)<\/h3>\r\n<p>1.1. Veebilehe medi.ee isikuandmete vastutav t\u00f6\u00f6tleja on Meditech Estonia O\u00dc (edaspidi: Medi), aadress Kadaka tee 63, ruum 102, Tallinn, 12915 Harjumaa registrikood 11696105 tel\u00a0<a href=\"tel:+372%C2%A0661 8181\">+372\u00a0661 8181<\/a>, e-posti aadress\u00a0<a href=\"mailto:info@medi.ee\">info@medi.ee<\/a><\/p>\r\n<p>1.2. Medi t\u00f6\u00f6tleb k\u00fclastaja esitatud isikuandmeid koosk\u00f5las isikuandmete kaitse seaduses kehtestatud n\u00f5uetega.<\/p>\r\n<p>1.3. T\u00f6\u00f6deldavateks isikuandmeteks on andmed, mida k\u00fcsitakse k\u00fclastajalt uudiskirjaga liitumisel (e-posti aadress), veebilehe k\u00fclastaja IP-aadress ja teised k\u00fcpsiste abil kogutud (v\u00f5rgu)identifikaatorid.<\/p>\r\n<p>1.4. Medi t\u00f6\u00f6tleb k\u00fclastaja isikuandmeid eelk\u00f5ige broneeringute t\u00e4itmiseks. Uudiskirjaga liitudes sooduspakkumiste koostamiseks ning k\u00fclastaja teekonna j\u00e4lgimiseks, et seel\u00e4bi paremat k\u00fclastajadikogemust pakkuda. K\u00fcpsiste kasutamise kohta saab l\u00e4hemalt lugeda\u00a0<a href=\"https:\/\/medi.ee\/ru\/%d1%84%d0%b0%d0%b9%d0%bb%d1%8b-cookie\/\">k\u00fcpsiste tingimuse lehelt<\/a>.<\/p>\r\n<p>1.5. Medi ei edasta k\u00fclastaja isikuandmeid kolmandatele isikutele, v\u00e4lja arvatud j\u00e4rgmistel juhtudel:<\/p>\r\n<p>1.5.1. Kui kasutaja on avaldanud soovi\/n\u00f5ustunud saama uudiskirju, saadetakse tema isikuandmed ja e-posti aadress The Rocket Science Group LLC haldusalas olevasse rakendusse uudiskirja saatmise eesm\u00e4rgil. The Rocket Science Group LLC privaatsustingimustega saab l\u00e4hemalt tutvuda internetiaadressil\u00a0<a href=\"https:\/\/mailchimp.com\/legal\/privacy\/\">https:\/\/mailchimp.com\/legal\/privacy\/<\/a>;<\/p>\r\n<p>1.5.2. Isikuandmeid v\u00f5ib Medi edastada koost\u00f6\u00f6partneritele ka seadusest tulenevate kohustuste t\u00e4itmiseks v\u00f5i \u00f5iguste teostamiseks, n\u00e4iteks vastava(te)le teenusepakkuja(te)le raamatupidamiskohustuste t\u00e4itmiseks.<\/p>\r\n<p>1.6. K\u00fclastaja kontaktandmeid, sh k\u00fclastaja e-posti aadressi v\u00f5i telefoninumbrit v\u00f5ib Medi kasutada ka uudiskirjade ja otseturundusteadete saatmiseks juhul, kui kasutaja on selleks loa andnud. K\u00fcpsiste abil kogutud andmeid kasutatakse e-poe kasutusstatistika tegemiseks ja suunatud reklaami tegemiseks. K\u00fcpsiste kasutamise kohta saab lugeda l\u00e4hemalt\u00a0<a href=\"https:\/\/medi.ee\/ru\/%d1%84%d0%b0%d0%b9%d0%bb%d1%8b-cookie\/\">k\u00fcpsiste tingimuse lehelt.<\/a><\/p>\r\n<p>1.7. K\u00fclastajal on igal ajal \u00f5igus tutvuda oma andmetega ning n\u00f5uda nende andmete muutmist v\u00f5i kustutamist, v.a kui seadus s\u00e4testab teisiti, p\u00f6\u00f6rdudes selleks avaldusega Medi poole e-posti aadressil\u00a0<a href=\"mailto:info@medi.ee\">info@medi.ee<\/a>.<\/p>\r\n<p>1.8. Kui k\u00fclastaja on avaldanud soovi ja andnud n\u00f5usoleku m\u00fc\u00fcja poolt koostatud uudiskirjade ja\/v\u00f5i personaalsete pakkumiste saamiseks, on k\u00fclastajal alati \u00f5igus see n\u00f5usolek tagasi v\u00f5tta, saates vastavasisulise teavituse m\u00fc\u00fcjale e-posti aadressile\u00a0<a href=\"mailto:info@medi.ee\">info@medi.ee<\/a>\u00a0v\u00f5i vajutades iga e-posti vahendusel saadetud pakkumise juures selleks n\u00e4idatud lingile.<\/p>\r\n<p>1.9. K\u00fclastajal on igal ajal \u00f5igus p\u00f6\u00f6rduda oma isikuandmete \u00fclekandmiseks m\u00f5nele muule andmet\u00f6\u00f6tlejale, p\u00f6\u00f6rdudes digitaalselt allkirjastatud taotlusega m\u00fc\u00fcja poole e-posti aadressil\u00a0<a href=\"mailto:info@medi.ee\">info@medi.ee<\/a>. Medi-l on \u00f5igus keelduda isikuandmete m\u00f5nele muule andmet\u00f6\u00f6tlejale otse edastamisest juhul, kui andmete edastamine kolmandale isikule ei ole Medi-l hinnangul turvaline.<\/p>\r\n<p>1.10. Juhul, kui k\u00fclastaja leiab, et isikuandmete t\u00f6\u00f6tlemisel Medi-l veebilehel rikutakse tema \u00f5igusi, on k\u00fclastajal \u00f5igus p\u00f6\u00f6rduda Andmekaitse Inspektsiooni ja kohtu poole.<\/p>\r\n<\/div>\r\n<\/div><\/div><\/div><\/div><\/div><\/div>","protected":false},"excerpt":{"rendered":"<p>1. ISIKUANDMETE T\u00d6\u00d6TLEMINE (PRIVAATSUSPOLIITIKA) 1.1. Veebilehe medi.ee isikuandmete vastutav t\u00f6\u00f6tleja on Meditech Estonia O\u00dc (edaspidi: Medi), aadress Kadaka tee 63, ruum 102, Tallinn, 12915 Harjumaa registrikood 11696105 tel\u00a0+372\u00a0661 8181, e-posti aadress\u00a0info@medi.ee 1.2. Medi t\u00f6\u00f6tleb k\u00fclastaja esitatud isikuandmeid koosk\u00f5las isikuandmete kaitse seaduses kehtestatud n\u00f5uetega. 1.3. T\u00f6\u00f6deldavateks isikuandmeteks on andmed, mida k\u00fcsitakse k\u00fclastajalt uudiskirjaga liitumisel (e-posti aadress), [&hellip;]<\/p>\n","protected":false},"author":1,"featured_media":0,"parent":0,"menu_order":0,"comment_status":"closed","ping_status":"closed","template":"","meta":{"_acf_changed":false,"footnotes":""},"class_list":["post-5416","page","type-page","status-publish","hentry"],"acf":[],"yoast_head":"<!-- This site is optimized with the Yoast SEO plugin v27.1.1 - https:\/\/yoast.com\/product\/yoast-seo-wordpress\/ -->\n<title>\u041f\u043e\u043b\u0438\u0442\u0438\u043a\u0430 \u043a\u043e\u043d\u0444\u0438\u0434\u0435\u043d\u0446\u0438\u0430\u043b\u044c\u043d\u043e\u0441\u0442\u0438 | Medi.ee h\u00e4irenuputeenus<\/title>\n<meta name=\"description\" content=\"Medi h\u00e4irenuputeenus on eakatele ja puuetega inimestele m\u00f5eldud sotsiaalne valveteenus, mille abil saab alati \u00fche nupuvajutusega abi kutsuda!\" \/>\n<meta name=\"robots\" content=\"index, follow, max-snippet:-1, max-image-preview:large, max-video-preview:-1\" \/>\n<link rel=\"canonical\" href=\"https:\/\/medi.ee\/privaatsustingimused\/\" \/>\n<meta property=\"og:locale\" content=\"ru_RU\" \/>\n<meta property=\"og:type\" content=\"article\" \/>\n<meta property=\"og:title\" content=\"\u041f\u043e\u043b\u0438\u0442\u0438\u043a\u0430 \u043a\u043e\u043d\u0444\u0438\u0434\u0435\u043d\u0446\u0438\u0430\u043b\u044c\u043d\u043e\u0441\u0442\u0438 | Medi.ee h\u00e4irenuputeenus\" \/>\n<meta property=\"og:description\" content=\"Medi h\u00e4irenuputeenus on eakatele ja puuetega inimestele m\u00f5eldud sotsiaalne valveteenus, mille abil saab alati \u00fche nupuvajutusega abi kutsuda!\" \/>\n<meta property=\"og:url\" content=\"https:\/\/medi.ee\/privaatsustingimused\/\" \/>\n<meta property=\"og:site_name\" content=\"Medi.ee h\u00e4irenuputeenus\" \/>\n<meta property=\"article:publisher\" content=\"https:\/\/www.facebook.com\/medi.ee\" \/>\n<meta property=\"article:modified_time\" content=\"2025-12-23T07:12:22+00:00\" \/>\n<meta property=\"og:image\" content=\"https:\/\/medi.ee\/wp-content\/uploads\/2025\/09\/Group.jpg\" \/>\n\t<meta property=\"og:image:width\" content=\"1600\" \/>\n\t<meta property=\"og:image:height\" content=\"728\" \/>\n\t<meta property=\"og:image:type\" content=\"image\/jpeg\" \/>\n<meta name=\"twitter:card\" content=\"summary_large_image\" \/>\n<meta name=\"twitter:label1\" content=\"\u041f\u0440\u0438\u043c\u0435\u0440\u043d\u043e\u0435 \u0432\u0440\u0435\u043c\u044f \u0434\u043b\u044f \u0447\u0442\u0435\u043d\u0438\u044f\" \/>\n\t<meta name=\"twitter:data1\" content=\"2 \u043c\u0438\u043d\u0443\u0442\u044b\" \/>\n<script type=\"application\/ld+json\" class=\"yoast-schema-graph\">{\"@context\":\"https:\/\/schema.org\",\"@graph\":[{\"@type\":\"WebPage\",\"@id\":\"https:\/\/medi.ee\/privaatsustingimused\/\",\"url\":\"https:\/\/medi.ee\/privaatsustingimused\/\",\"name\":\"\u041f\u043e\u043b\u0438\u0442\u0438\u043a\u0430 \u043a\u043e\u043d\u0444\u0438\u0434\u0435\u043d\u0446\u0438\u0430\u043b\u044c\u043d\u043e\u0441\u0442\u0438 | Medi.ee h\u00e4irenuputeenus\",\"isPartOf\":{\"@id\":\"https:\/\/medi.ee\/#website\"},\"datePublished\":\"2025-08-10T08:58:24+00:00\",\"dateModified\":\"2025-12-23T07:12:22+00:00\",\"description\":\"Medi h\u00e4irenuputeenus on eakatele ja puuetega inimestele m\u00f5eldud sotsiaalne valveteenus, mille abil saab alati \u00fche nupuvajutusega abi kutsuda!\",\"breadcrumb\":{\"@id\":\"https:\/\/medi.ee\/privaatsustingimused\/#breadcrumb\"},\"inLanguage\":\"ru-RU\",\"potentialAction\":[{\"@type\":\"ReadAction\",\"target\":[\"https:\/\/medi.ee\/privaatsustingimused\/\"]}]},{\"@type\":\"BreadcrumbList\",\"@id\":\"https:\/\/medi.ee\/privaatsustingimused\/#breadcrumb\",\"itemListElement\":[{\"@type\":\"ListItem\",\"position\":1,\"name\":\"Home\",\"item\":\"https:\/\/medi.ee\/ru\/\"},{\"@type\":\"ListItem\",\"position\":2,\"name\":\"\u041f\u043e\u043b\u0438\u0442\u0438\u043a\u0430 \u043a\u043e\u043d\u0444\u0438\u0434\u0435\u043d\u0446\u0438\u0430\u043b\u044c\u043d\u043e\u0441\u0442\u0438\"}]},{\"@type\":\"WebSite\",\"@id\":\"https:\/\/medi.ee\/#website\",\"url\":\"https:\/\/medi.ee\/\",\"name\":\"Medi.ee h\u00e4irenuputeenus\",\"description\":\"Medi osutab professionaalset h\u00e4irenuputeenust, muid iseseisva turvalise elamise lahendusi, erinevaid \u00f5ekutses\u00fcsteeme hooldekodudele ja t\u00f6\u00f6taja turvalisuse lahendusi ettev\u00f5tetele.\",\"publisher\":{\"@id\":\"https:\/\/medi.ee\/#organization\"},\"potentialAction\":[{\"@type\":\"SearchAction\",\"target\":{\"@type\":\"EntryPoint\",\"urlTemplate\":\"https:\/\/medi.ee\/?s={search_term_string}\"},\"query-input\":{\"@type\":\"PropertyValueSpecification\",\"valueRequired\":true,\"valueName\":\"search_term_string\"}}],\"inLanguage\":\"ru-RU\"},{\"@type\":\"Organization\",\"@id\":\"https:\/\/medi.ee\/#organization\",\"name\":\"Medi.ee h\u00e4irenuputeenus\",\"url\":\"https:\/\/medi.ee\/\",\"logo\":{\"@type\":\"ImageObject\",\"inLanguage\":\"ru-RU\",\"@id\":\"https:\/\/medi.ee\/#\/schema\/logo\/image\/\",\"url\":\"https:\/\/medi.ee\/wp-content\/uploads\/2025\/09\/medi-logo.jpg\",\"contentUrl\":\"https:\/\/medi.ee\/wp-content\/uploads\/2025\/09\/medi-logo.jpg\",\"width\":600,\"height\":600,\"caption\":\"Medi.ee h\u00e4irenuputeenus\"},\"image\":{\"@id\":\"https:\/\/medi.ee\/#\/schema\/logo\/image\/\"},\"sameAs\":[\"https:\/\/www.facebook.com\/medi.ee\",\"https:\/\/ee.linkedin.com\/company\/meditech-estonia\",\"https:\/\/www.instagram.com\/medi.hairenupp\/\"]}]}<\/script>\n<!-- \/ Yoast SEO plugin. -->","yoast_head_json":{"title":"\u041f\u043e\u043b\u0438\u0442\u0438\u043a\u0430 \u043a\u043e\u043d\u0444\u0438\u0434\u0435\u043d\u0446\u0438\u0430\u043b\u044c\u043d\u043e\u0441\u0442\u0438 | Medi.ee h\u00e4irenuputeenus","description":"Medi h\u00e4irenuputeenus on eakatele ja puuetega inimestele m\u00f5eldud sotsiaalne valveteenus, mille abil saab alati \u00fche nupuvajutusega abi kutsuda!","robots":{"index":"index","follow":"follow","max-snippet":"max-snippet:-1","max-image-preview":"max-image-preview:large","max-video-preview":"max-video-preview:-1"},"canonical":"https:\/\/medi.ee\/privaatsustingimused\/","og_locale":"ru_RU","og_type":"article","og_title":"\u041f\u043e\u043b\u0438\u0442\u0438\u043a\u0430 \u043a\u043e\u043d\u0444\u0438\u0434\u0435\u043d\u0446\u0438\u0430\u043b\u044c\u043d\u043e\u0441\u0442\u0438 | Medi.ee h\u00e4irenuputeenus","og_description":"Medi h\u00e4irenuputeenus on eakatele ja puuetega inimestele m\u00f5eldud sotsiaalne valveteenus, mille abil saab alati \u00fche nupuvajutusega abi kutsuda!","og_url":"https:\/\/medi.ee\/privaatsustingimused\/","og_site_name":"Medi.ee h\u00e4irenuputeenus","article_publisher":"https:\/\/www.facebook.com\/medi.ee","article_modified_time":"2025-12-23T07:12:22+00:00","og_image":[{"width":1600,"height":728,"url":"https:\/\/medi.ee\/wp-content\/uploads\/2025\/09\/Group.jpg","type":"image\/jpeg"}],"twitter_card":"summary_large_image","twitter_misc":{"\u041f\u0440\u0438\u043c\u0435\u0440\u043d\u043e\u0435 \u0432\u0440\u0435\u043c\u044f \u0434\u043b\u044f \u0447\u0442\u0435\u043d\u0438\u044f":"2 \u043c\u0438\u043d\u0443\u0442\u044b"},"schema":{"@context":"https:\/\/schema.org","@graph":[{"@type":"WebPage","@id":"https:\/\/medi.ee\/privaatsustingimused\/","url":"https:\/\/medi.ee\/privaatsustingimused\/","name":"\u041f\u043e\u043b\u0438\u0442\u0438\u043a\u0430 \u043a\u043e\u043d\u0444\u0438\u0434\u0435\u043d\u0446\u0438\u0430\u043b\u044c\u043d\u043e\u0441\u0442\u0438 | Medi.ee h\u00e4irenuputeenus","isPartOf":{"@id":"https:\/\/medi.ee\/#website"},"datePublished":"2025-08-10T08:58:24+00:00","dateModified":"2025-12-23T07:12:22+00:00","description":"Medi h\u00e4irenuputeenus on eakatele ja puuetega inimestele m\u00f5eldud sotsiaalne valveteenus, mille abil saab alati \u00fche nupuvajutusega abi kutsuda!","breadcrumb":{"@id":"https:\/\/medi.ee\/privaatsustingimused\/#breadcrumb"},"inLanguage":"ru-RU","potentialAction":[{"@type":"ReadAction","target":["https:\/\/medi.ee\/privaatsustingimused\/"]}]},{"@type":"BreadcrumbList","@id":"https:\/\/medi.ee\/privaatsustingimused\/#breadcrumb","itemListElement":[{"@type":"ListItem","position":1,"name":"Home","item":"https:\/\/medi.ee\/ru\/"},{"@type":"ListItem","position":2,"name":"\u041f\u043e\u043b\u0438\u0442\u0438\u043a\u0430 \u043a\u043e\u043d\u0444\u0438\u0434\u0435\u043d\u0446\u0438\u0430\u043b\u044c\u043d\u043e\u0441\u0442\u0438"}]},{"@type":"WebSite","@id":"https:\/\/medi.ee\/#website","url":"https:\/\/medi.ee\/","name":"Medi.ee h\u00e4irenuputeenus","description":"Medi osutab professionaalset h\u00e4irenuputeenust, muid iseseisva turvalise elamise lahendusi, erinevaid \u00f5ekutses\u00fcsteeme hooldekodudele ja t\u00f6\u00f6taja turvalisuse lahendusi ettev\u00f5tetele.","publisher":{"@id":"https:\/\/medi.ee\/#organization"},"potentialAction":[{"@type":"SearchAction","target":{"@type":"EntryPoint","urlTemplate":"https:\/\/medi.ee\/?s={search_term_string}"},"query-input":{"@type":"PropertyValueSpecification","valueRequired":true,"valueName":"search_term_string"}}],"inLanguage":"ru-RU"},{"@type":"Organization","@id":"https:\/\/medi.ee\/#organization","name":"Medi.ee h\u00e4irenuputeenus","url":"https:\/\/medi.ee\/","logo":{"@type":"ImageObject","inLanguage":"ru-RU","@id":"https:\/\/medi.ee\/#\/schema\/logo\/image\/","url":"https:\/\/medi.ee\/wp-content\/uploads\/2025\/09\/medi-logo.jpg","contentUrl":"https:\/\/medi.ee\/wp-content\/uploads\/2025\/09\/medi-logo.jpg","width":600,"height":600,"caption":"Medi.ee h\u00e4irenuputeenus"},"image":{"@id":"https:\/\/medi.ee\/#\/schema\/logo\/image\/"},"sameAs":["https:\/\/www.facebook.com\/medi.ee","https:\/\/ee.linkedin.com\/company\/meditech-estonia","https:\/\/www.instagram.com\/medi.hairenupp\/"]}]}},"_links":{"self":[{"href":"https:\/\/medi.ee\/ru\/wp-json\/wp\/v2\/pages\/5416","targetHints":{"allow":["GET"]}}],"collection":[{"href":"https:\/\/medi.ee\/ru\/wp-json\/wp\/v2\/pages"}],"about":[{"href":"https:\/\/medi.ee\/ru\/wp-json\/wp\/v2\/types\/page"}],"author":[{"embeddable":true,"href":"https:\/\/medi.ee\/ru\/wp-json\/wp\/v2\/users\/1"}],"replies":[{"embeddable":true,"href":"https:\/\/medi.ee\/ru\/wp-json\/wp\/v2\/comments?post=5416"}],"version-history":[{"count":1,"href":"https:\/\/medi.ee\/ru\/wp-json\/wp\/v2\/pages\/5416\/revisions"}],"predecessor-version":[{"id":5417,"href":"https:\/\/medi.ee\/ru\/wp-json\/wp\/v2\/pages\/5416\/revisions\/5417"}],"wp:attachment":[{"href":"https:\/\/medi.ee\/ru\/wp-json\/wp\/v2\/media?parent=5416"}],"curies":[{"name":"wp","href":"https:\/\/api.w.org\/{rel}","templated":true}]}}