{"id":5413,"date":"2025-08-10T19:15:13","date_gmt":"2025-08-10T16:15:13","guid":{"rendered":"https:\/\/medi.ee\/kupsised\/"},"modified":"2025-12-23T09:11:01","modified_gmt":"2025-12-23T07:11:01","slug":"%d1%84%d0%b0%d0%b9%d0%bb%d1%8b-cookie","status":"publish","type":"page","link":"https:\/\/medi.ee\/ru\/%d1%84%d0%b0%d0%b9%d0%bb%d1%8b-cookie\/","title":{"rendered":"\u0424\u0430\u0439\u043b\u044b cookie"},"content":{"rendered":"<div id=\"pl-5413\"  class=\"panel-layout\" ><div id=\"pg-5413-0\"  class=\"panel-grid panel-has-style\" ><div class=\"panel-row-style panel-row-style-for-5413-0\" ><div id=\"pgc-5413-0-0\"  class=\"panel-grid-cell\" ><div id=\"panel-5413-0-0-0\" class=\"so-panel widget widget_sow-editor panel-first-child panel-last-child\" data-index=\"0\" ><div\n\t\t\t\n\t\t\tclass=\"so-widget-sow-editor so-widget-sow-editor-base\"\n\t\t\t\n\t\t>\n<div class=\"siteorigin-widget-tinymce textwidget\">\n\t<p><!-- wp:paragraph --><\/p>\n<h3>1. K\u00dcPSISTE KASUTAMINE MEDI.EE VEEBILEHEL<\/h3>\n<p>1. K\u00fcpsised<\/p>\n<p>medi.ee veebileht kasutab nn k\u00fcpsiseid. K\u00fcpsised on info, mis liigub veebilehe v\u00f5i kolmanda isiku veebiserverist kasutaja veebibrauserisse, et seda oleks v\u00f5imalik sealt hiljem leida. K\u00fcpsised v\u00f5ivad olla v\u00e4ikesed failid v\u00f5i muud andmete s\u00e4ilitamise vahendid.<\/p>\n<p>K\u00fcpsiste abil saab veebilehel oleva info ja pakkumised k\u00fclastaja vajadustega sobitada. K\u00fcpsised v\u00f5imaldavad Medi-l k\u00fclastajaid \u00e4ra tunda. Sellise \u00e4ratundmise eesm\u00e4rk on teha k\u00fclastaja jaoks medi.ee veebilehe kasutamine lihtsamaks.<\/p>\n<p>Medi.ee kasutab ajutisi k\u00fcpsiseid. Need kustuvad automaatselt, kui brauser sulgeda. Need h\u00f5lmavad eelk\u00f5ige sessioonik\u00fcpsiseid. Sessioonik\u00fcpsised salvestavad nn sessiooni ID, millega k\u00fclastaja brauseri erinevad p\u00e4ringud koondatakse \u00fchissessiooniks. Nii saab k\u00fclastaja arvuti \u00e4ra tunda, kui ta veebilehele tagasi tuleb. Selliste k\u00fcpsiste abil saab medi.ee tagada veebilehe toimimise ja funktsioonid.<\/p>\n<p>Lisaks kasutatatakse ka p\u00fcsik\u00fcpsiseid. Need j\u00e4\u00e4vad k\u00fclastaja arvuti k\u00f5rvakettale ka p\u00e4rast sessiooni l\u00f5ppemist. Eelk\u00f5ige aitavad just need k\u00fcpsised Medi-l oma pakkumisi kasutajas\u00f5bralikuks muuta.<\/p>\n<p>Isikustamata k\u00fcpsised ei edasta Medi-le isikuandmeid. Sellised on n\u00e4iteks statistikak\u00fcpsised. Need koguvad ja raporteerivad infot anon\u00fc\u00fcmselt, aidates Medi-l m\u00f5ista, kuidas k\u00fclastajad veebilehel tegutsevad.<\/p>\n<p>Reklaamipartnerite kaudu paigutab medi.ee reklaame teistele veebilehtedele, et n\u00e4idata k\u00fclastajale ainult selliseid reklaame, mis talle tegelikult huvi pakuvad. Selles protsessis kasutatakse selliste reklaamipartnerite nn kolmanda poole k\u00fcpsiseid, mille m\u00e4\u00e4rab k\u00fclastuse k\u00e4igus medi.ee ja mille loeb v\u00e4lja vastav reklaamipartner. Kolmanda poole k\u00fcpsised on ajutised failid, mida s\u00e4ilitatakse k\u00fclastaja brauseris maksimaalselt 540 p\u00e4eva p\u00e4rast lehe viimast k\u00fclastamist ja mis aeguvad seej\u00e4rel automaatselt.<\/p>\n<p>Oma arvutisse salvestatud k\u00fcpsiseid saab k\u00fclastaja vaadata ja kustutada ning ka nende k\u00e4itlemist konfigureerida oma brauseri seadetes. Rohkem infot saab tootjalt v\u00f5i oma veebibrauseri funktsioonist .<\/p>\n<p>K\u00fcpsiste lubamine ei ole medi.ee kasutamise eeltingimus. Enamik veebibrausereid lubab k\u00fcpsiseid automaatselt. Kui k\u00fclastaja seda ei soovi, saab ta oma brauseri seadistada nii, et see teavitaks teda k\u00fcpsistest ja v\u00f5imaldaks nende lubamist igal konkreetsel juhul eraldi. Samuti v\u00f5ib seadistada oma brauseri selliselt, et arvuti k\u00fcpsiseid ei salvestaks, v\u00f5i saadaks hoiatuse, kui uus k\u00fcpsis saabub. M\u00f5ned brauserid pakuvad n\u00e4iteks v\u00f5imalust esimese poole k\u00fcpsised lubada, aga kolmanda poole k\u00fcpsised blokeerida.<\/p>\n<p>Lisaks sellele saab juba lubatud k\u00fcpsiseid alati veebibrauseri v\u00f5i muu tarkvaraprogrammi abil kustutada. See on v\u00f5imalik k\u00f5igis levinumates veebibrauserites. K\u00fclastaja v\u00f5ib oma veebibrauseri seadetes m\u00e4\u00e4rata k\u00fcpsiste \u00fcldise blokeerimise. K\u00fcpsiste blokeerimine v\u00f5ib t\u00e4hendada, et veebipakkumiste funktsioonid on piiratud.<\/p>\n<p>1.2 Veebilehek\u00fcljel kasutatavate k\u00fcpsiste kohta leiab t\u00e4psemalt infot allolevast tabelist:<\/p>\n<figure class=\"wp-block-table\">\n<table>\n<tbody>\n<tr>\n<td>K\u00fcpsise nimetus<\/td>\n<td>Kehtivuse aeg<\/td>\n<td>Kirjeldus<\/td>\n<td>T\u00f6\u00f6deldavad andmed<\/td>\n<\/tr>\n<tr>\n<td>_gcl_au<\/td>\n<td>90 p\u00e4eva<\/td>\n<td>Kasutatakse reklaami konversiooni anal\u00fc\u00fcsiks<\/td>\n<td><\/td>\n<\/tr>\n<tr>\n<td>google_adsense_settings<\/td>\n<td>P\u00fcsiv<\/td>\n<td>Kasutatakse reklaamiteenuses t\u00e4iustamiseks<\/td>\n<td><\/td>\n<\/tr>\n<tr>\n<td>_ga<\/td>\n<td>2 aastat<\/td>\n<td>Kasutatakse kasutajate ja seansside eristamiseks<\/td>\n<td>Kasutatav veebibrauser ja seade<\/td>\n<\/tr>\n<tr>\n<td>wp-wpml_current language<\/td>\n<td>1 p\u00e4ev<\/td>\n<td>Kasutatakse keele eelistuse salvestamiseks<\/td>\n<td>Keele eelistuse valik<\/td>\n<\/tr>\n<tr>\n<td>cmplz_banner-status<\/td>\n<td>1 aasta<\/td>\n<td>Kasutatakse k\u00fcpsiste kasutamise eelistuste salvestamiseks<\/td>\n<td>K\u00fcpsiste eelistuse valik<\/td>\n<\/tr>\n<\/tbody>\n<\/table>\n<\/figure>\n<p>1.3 K\u00fcpsised saab seadmest eemaldada v\u00f5i blokeerida igal ajal. Otsustades k\u00fcpsised blokeerida, ei pruugi veebilehek\u00fclje t\u00e4ielik toimimine ja kasutamine olla tagatud.<\/p>\n<p>1.4 Kasulikud lingid k\u00fcpsiste kohta:<\/p>\n<p>1.4.1 Lisainfot Google Analytics k\u00fcpsiste kohta leiab veebilehelt:&nbsp;<a href=\"https:\/\/developers.google.com\/analytics\/devguides\/collection\/analyticsjs\/cookie-usage?hl=et\">https:\/\/developers.google.com\/analytics\/devguides\/collection\/analyticsjs\/cookie-usage?hl=et<\/a>.<\/p>\n<p>1.4.2 Google Analytics k\u00fcpsiste blokeerimiseks on v\u00f5imalik paigaldada brauseri lisandmoodul, mis on leitav veebilehelt:&nbsp;<a href=\"https:\/\/tools.google.com\/dlpage\/gaoptout\">https:\/\/tools.google.com\/dlpage\/gaoptout<\/a>.<\/p>\n<p>1.4.3 T\u00e4iendav informatsioon k\u00fcpsiste kasutamise ja eemaldamise kohta asub veebilehel:&nbsp;<a href=\"https:\/\/allaboutcookies.org\/how-to-manage-cookies\">https:\/\/allaboutcookies.org\/how-to-manage-cookies<\/a>.<\/p>\n<p><!-- \/wp:paragraph --><\/p>\n<\/div>\n<\/div><\/div><\/div><\/div><\/div><\/div>","protected":false},"excerpt":{"rendered":"<p>1. K\u00dcPSISTE KASUTAMINE MEDI.EE VEEBILEHEL 1. K\u00fcpsised medi.ee veebileht kasutab nn k\u00fcpsiseid. K\u00fcpsised on info, mis liigub veebilehe v\u00f5i kolmanda isiku veebiserverist kasutaja veebibrauserisse, et seda oleks v\u00f5imalik sealt hiljem leida. K\u00fcpsised v\u00f5ivad olla v\u00e4ikesed failid v\u00f5i muud andmete s\u00e4ilitamise vahendid. K\u00fcpsiste abil saab veebilehel oleva info ja pakkumised k\u00fclastaja vajadustega sobitada. K\u00fcpsised v\u00f5imaldavad Medi-l [&hellip;]<\/p>\n","protected":false},"author":1,"featured_media":0,"parent":0,"menu_order":0,"comment_status":"closed","ping_status":"closed","template":"","meta":{"_acf_changed":false,"footnotes":""},"class_list":["post-5413","page","type-page","status-publish","hentry"],"acf":[],"yoast_head":"<!-- This site is optimized with the Yoast SEO plugin v27.1.1 - https:\/\/yoast.com\/product\/yoast-seo-wordpress\/ -->\n<title>\u0424\u0430\u0439\u043b\u044b cookie | Medi.ee h\u00e4irenuputeenus<\/title>\n<meta name=\"description\" content=\"Medi h\u00e4irenuputeenus on eakatele ja puuetega inimestele m\u00f5eldud sotsiaalne valveteenus, mille abil saab alati \u00fche nupuvajutusega abi kutsuda!\" \/>\n<meta name=\"robots\" content=\"index, follow, max-snippet:-1, max-image-preview:large, max-video-preview:-1\" \/>\n<link rel=\"canonical\" href=\"https:\/\/medi.ee\/ru\/\u0444\u0430\u0439\u043b\u044b-cookie\/\" \/>\n<meta property=\"og:locale\" content=\"ru_RU\" \/>\n<meta property=\"og:type\" content=\"article\" \/>\n<meta property=\"og:title\" content=\"\u0424\u0430\u0439\u043b\u044b cookie | Medi.ee h\u00e4irenuputeenus\" \/>\n<meta property=\"og:description\" content=\"Medi h\u00e4irenuputeenus on eakatele ja puuetega inimestele m\u00f5eldud sotsiaalne valveteenus, mille abil saab alati \u00fche nupuvajutusega abi kutsuda!\" \/>\n<meta property=\"og:url\" content=\"https:\/\/medi.ee\/ru\/\u0444\u0430\u0439\u043b\u044b-cookie\/\" \/>\n<meta property=\"og:site_name\" content=\"Medi.ee h\u00e4irenuputeenus\" \/>\n<meta property=\"article:publisher\" content=\"https:\/\/www.facebook.com\/medi.ee\" \/>\n<meta property=\"article:modified_time\" content=\"2025-12-23T07:11:01+00:00\" \/>\n<meta property=\"og:image\" content=\"https:\/\/medi.ee\/wp-content\/uploads\/2025\/09\/Group.jpg\" \/>\n\t<meta property=\"og:image:width\" content=\"1600\" \/>\n\t<meta property=\"og:image:height\" content=\"728\" \/>\n\t<meta property=\"og:image:type\" content=\"image\/jpeg\" \/>\n<meta name=\"twitter:card\" content=\"summary_large_image\" \/>\n<meta name=\"twitter:label1\" content=\"\u041f\u0440\u0438\u043c\u0435\u0440\u043d\u043e\u0435 \u0432\u0440\u0435\u043c\u044f \u0434\u043b\u044f \u0447\u0442\u0435\u043d\u0438\u044f\" \/>\n\t<meta name=\"twitter:data1\" content=\"3 \u043c\u0438\u043d\u0443\u0442\u044b\" \/>\n<script type=\"application\/ld+json\" class=\"yoast-schema-graph\">{\"@context\":\"https:\/\/schema.org\",\"@graph\":[{\"@type\":\"WebPage\",\"@id\":\"https:\/\/medi.ee\/ru\/%d1%84%d0%b0%d0%b9%d0%bb%d1%8b-cookie\/\",\"url\":\"https:\/\/medi.ee\/ru\/%d1%84%d0%b0%d0%b9%d0%bb%d1%8b-cookie\/\",\"name\":\"\u0424\u0430\u0439\u043b\u044b cookie | Medi.ee h\u00e4irenuputeenus\",\"isPartOf\":{\"@id\":\"https:\/\/medi.ee\/#website\"},\"datePublished\":\"2025-08-10T16:15:13+00:00\",\"dateModified\":\"2025-12-23T07:11:01+00:00\",\"description\":\"Medi h\u00e4irenuputeenus on eakatele ja puuetega inimestele m\u00f5eldud sotsiaalne valveteenus, mille abil saab alati \u00fche nupuvajutusega abi kutsuda!\",\"breadcrumb\":{\"@id\":\"https:\/\/medi.ee\/ru\/%d1%84%d0%b0%d0%b9%d0%bb%d1%8b-cookie\/#breadcrumb\"},\"inLanguage\":\"ru-RU\",\"potentialAction\":[{\"@type\":\"ReadAction\",\"target\":[\"https:\/\/medi.ee\/ru\/%d1%84%d0%b0%d0%b9%d0%bb%d1%8b-cookie\/\"]}]},{\"@type\":\"BreadcrumbList\",\"@id\":\"https:\/\/medi.ee\/ru\/%d1%84%d0%b0%d0%b9%d0%bb%d1%8b-cookie\/#breadcrumb\",\"itemListElement\":[{\"@type\":\"ListItem\",\"position\":1,\"name\":\"Home\",\"item\":\"https:\/\/medi.ee\/ru\/\"},{\"@type\":\"ListItem\",\"position\":2,\"name\":\"\u0424\u0430\u0439\u043b\u044b cookie\"}]},{\"@type\":\"WebSite\",\"@id\":\"https:\/\/medi.ee\/#website\",\"url\":\"https:\/\/medi.ee\/\",\"name\":\"Medi.ee h\u00e4irenuputeenus\",\"description\":\"Medi osutab professionaalset h\u00e4irenuputeenust, muid iseseisva turvalise elamise lahendusi, erinevaid \u00f5ekutses\u00fcsteeme hooldekodudele ja t\u00f6\u00f6taja turvalisuse lahendusi ettev\u00f5tetele.\",\"publisher\":{\"@id\":\"https:\/\/medi.ee\/#organization\"},\"potentialAction\":[{\"@type\":\"SearchAction\",\"target\":{\"@type\":\"EntryPoint\",\"urlTemplate\":\"https:\/\/medi.ee\/?s={search_term_string}\"},\"query-input\":{\"@type\":\"PropertyValueSpecification\",\"valueRequired\":true,\"valueName\":\"search_term_string\"}}],\"inLanguage\":\"ru-RU\"},{\"@type\":\"Organization\",\"@id\":\"https:\/\/medi.ee\/#organization\",\"name\":\"Medi.ee h\u00e4irenuputeenus\",\"url\":\"https:\/\/medi.ee\/\",\"logo\":{\"@type\":\"ImageObject\",\"inLanguage\":\"ru-RU\",\"@id\":\"https:\/\/medi.ee\/#\/schema\/logo\/image\/\",\"url\":\"https:\/\/medi.ee\/wp-content\/uploads\/2025\/09\/medi-logo.jpg\",\"contentUrl\":\"https:\/\/medi.ee\/wp-content\/uploads\/2025\/09\/medi-logo.jpg\",\"width\":600,\"height\":600,\"caption\":\"Medi.ee h\u00e4irenuputeenus\"},\"image\":{\"@id\":\"https:\/\/medi.ee\/#\/schema\/logo\/image\/\"},\"sameAs\":[\"https:\/\/www.facebook.com\/medi.ee\",\"https:\/\/ee.linkedin.com\/company\/meditech-estonia\",\"https:\/\/www.instagram.com\/medi.hairenupp\/\"]}]}<\/script>\n<!-- \/ Yoast SEO plugin. -->","yoast_head_json":{"title":"\u0424\u0430\u0439\u043b\u044b cookie | Medi.ee h\u00e4irenuputeenus","description":"Medi h\u00e4irenuputeenus on eakatele ja puuetega inimestele m\u00f5eldud sotsiaalne valveteenus, mille abil saab alati \u00fche nupuvajutusega abi kutsuda!","robots":{"index":"index","follow":"follow","max-snippet":"max-snippet:-1","max-image-preview":"max-image-preview:large","max-video-preview":"max-video-preview:-1"},"canonical":"https:\/\/medi.ee\/ru\/\u0444\u0430\u0439\u043b\u044b-cookie\/","og_locale":"ru_RU","og_type":"article","og_title":"\u0424\u0430\u0439\u043b\u044b cookie | Medi.ee h\u00e4irenuputeenus","og_description":"Medi h\u00e4irenuputeenus on eakatele ja puuetega inimestele m\u00f5eldud sotsiaalne valveteenus, mille abil saab alati \u00fche nupuvajutusega abi kutsuda!","og_url":"https:\/\/medi.ee\/ru\/\u0444\u0430\u0439\u043b\u044b-cookie\/","og_site_name":"Medi.ee h\u00e4irenuputeenus","article_publisher":"https:\/\/www.facebook.com\/medi.ee","article_modified_time":"2025-12-23T07:11:01+00:00","og_image":[{"width":1600,"height":728,"url":"https:\/\/medi.ee\/wp-content\/uploads\/2025\/09\/Group.jpg","type":"image\/jpeg"}],"twitter_card":"summary_large_image","twitter_misc":{"\u041f\u0440\u0438\u043c\u0435\u0440\u043d\u043e\u0435 \u0432\u0440\u0435\u043c\u044f \u0434\u043b\u044f \u0447\u0442\u0435\u043d\u0438\u044f":"3 \u043c\u0438\u043d\u0443\u0442\u044b"},"schema":{"@context":"https:\/\/schema.org","@graph":[{"@type":"WebPage","@id":"https:\/\/medi.ee\/ru\/%d1%84%d0%b0%d0%b9%d0%bb%d1%8b-cookie\/","url":"https:\/\/medi.ee\/ru\/%d1%84%d0%b0%d0%b9%d0%bb%d1%8b-cookie\/","name":"\u0424\u0430\u0439\u043b\u044b cookie | Medi.ee h\u00e4irenuputeenus","isPartOf":{"@id":"https:\/\/medi.ee\/#website"},"datePublished":"2025-08-10T16:15:13+00:00","dateModified":"2025-12-23T07:11:01+00:00","description":"Medi h\u00e4irenuputeenus on eakatele ja puuetega inimestele m\u00f5eldud sotsiaalne valveteenus, mille abil saab alati \u00fche nupuvajutusega abi kutsuda!","breadcrumb":{"@id":"https:\/\/medi.ee\/ru\/%d1%84%d0%b0%d0%b9%d0%bb%d1%8b-cookie\/#breadcrumb"},"inLanguage":"ru-RU","potentialAction":[{"@type":"ReadAction","target":["https:\/\/medi.ee\/ru\/%d1%84%d0%b0%d0%b9%d0%bb%d1%8b-cookie\/"]}]},{"@type":"BreadcrumbList","@id":"https:\/\/medi.ee\/ru\/%d1%84%d0%b0%d0%b9%d0%bb%d1%8b-cookie\/#breadcrumb","itemListElement":[{"@type":"ListItem","position":1,"name":"Home","item":"https:\/\/medi.ee\/ru\/"},{"@type":"ListItem","position":2,"name":"\u0424\u0430\u0439\u043b\u044b cookie"}]},{"@type":"WebSite","@id":"https:\/\/medi.ee\/#website","url":"https:\/\/medi.ee\/","name":"Medi.ee h\u00e4irenuputeenus","description":"Medi osutab professionaalset h\u00e4irenuputeenust, muid iseseisva turvalise elamise lahendusi, erinevaid \u00f5ekutses\u00fcsteeme hooldekodudele ja t\u00f6\u00f6taja turvalisuse lahendusi ettev\u00f5tetele.","publisher":{"@id":"https:\/\/medi.ee\/#organization"},"potentialAction":[{"@type":"SearchAction","target":{"@type":"EntryPoint","urlTemplate":"https:\/\/medi.ee\/?s={search_term_string}"},"query-input":{"@type":"PropertyValueSpecification","valueRequired":true,"valueName":"search_term_string"}}],"inLanguage":"ru-RU"},{"@type":"Organization","@id":"https:\/\/medi.ee\/#organization","name":"Medi.ee h\u00e4irenuputeenus","url":"https:\/\/medi.ee\/","logo":{"@type":"ImageObject","inLanguage":"ru-RU","@id":"https:\/\/medi.ee\/#\/schema\/logo\/image\/","url":"https:\/\/medi.ee\/wp-content\/uploads\/2025\/09\/medi-logo.jpg","contentUrl":"https:\/\/medi.ee\/wp-content\/uploads\/2025\/09\/medi-logo.jpg","width":600,"height":600,"caption":"Medi.ee h\u00e4irenuputeenus"},"image":{"@id":"https:\/\/medi.ee\/#\/schema\/logo\/image\/"},"sameAs":["https:\/\/www.facebook.com\/medi.ee","https:\/\/ee.linkedin.com\/company\/meditech-estonia","https:\/\/www.instagram.com\/medi.hairenupp\/"]}]}},"_links":{"self":[{"href":"https:\/\/medi.ee\/ru\/wp-json\/wp\/v2\/pages\/5413","targetHints":{"allow":["GET"]}}],"collection":[{"href":"https:\/\/medi.ee\/ru\/wp-json\/wp\/v2\/pages"}],"about":[{"href":"https:\/\/medi.ee\/ru\/wp-json\/wp\/v2\/types\/page"}],"author":[{"embeddable":true,"href":"https:\/\/medi.ee\/ru\/wp-json\/wp\/v2\/users\/1"}],"replies":[{"embeddable":true,"href":"https:\/\/medi.ee\/ru\/wp-json\/wp\/v2\/comments?post=5413"}],"version-history":[{"count":2,"href":"https:\/\/medi.ee\/ru\/wp-json\/wp\/v2\/pages\/5413\/revisions"}],"predecessor-version":[{"id":5415,"href":"https:\/\/medi.ee\/ru\/wp-json\/wp\/v2\/pages\/5413\/revisions\/5415"}],"wp:attachment":[{"href":"https:\/\/medi.ee\/ru\/wp-json\/wp\/v2\/media?parent=5413"}],"curies":[{"name":"wp","href":"https:\/\/api.w.org\/{rel}","templated":true}]}}