{"id":5402,"date":"2025-07-28T10:59:25","date_gmt":"2025-07-28T07:59:25","guid":{"rendered":"https:\/\/medi.ee\/meist\/"},"modified":"2025-12-23T10:18:03","modified_gmt":"2025-12-23T08:18:03","slug":"%d0%be-%d0%bd%d0%b0%d1%81","status":"publish","type":"page","link":"https:\/\/medi.ee\/ru\/%d0%be-%d0%bd%d0%b0%d1%81\/","title":{"rendered":"\u041e \u043d\u0430\u0441"},"content":{"rendered":"<div id=\"pl-5402\"  class=\"panel-layout\" ><div id=\"pg-5402-0\"  class=\"panel-grid panel-has-style\" ><div class=\"panel-row-style panel-row-style-for-5402-0\" ><div id=\"pgc-5402-0-0\"  class=\"panel-grid-cell\" ><div id=\"panel-5402-0-0-0\" class=\"so-panel widget widget_sow-headline panel-first-child panel-last-child\" data-index=\"0\" ><div\n\t\t\t\n\t\t\tclass=\"so-widget-sow-headline so-widget-sow-headline-default-86e0c1cd93c0-5402\"\n\t\t\t\n\t\t><div class=\"sow-headline-container \">\n\t\t\t\t\t\t\t<h2 class=\"sow-headline\">\n\t\t\t\t\t\tMeist\t\t\t\t\t\t<\/h2>\n\t\t\t\t\t\t<\/div>\n<\/div><\/div><\/div><\/div><\/div><div id=\"pg-5402-1\"  class=\"panel-grid panel-has-style\" ><div class=\"siteorigin-panels-stretch panel-row-style panel-row-style-for-5402-1\" data-stretch-type=\"full\" ><div class=\"so-panels-full-wrapper\" ><div id=\"pgc-5402-1-0\"  class=\"panel-grid-cell\" ><div id=\"panel-5402-1-0-0\" class=\"so-panel widget widget_theme-text panel-first-child panel-last-child\" data-index=\"1\" ><div\n\t\t\t\n\t\t\tclass=\"so-widget-theme-text so-widget-theme-text-base\"\n\t\t\t\n\t\t>\n<div class=\"theme-text-69d34e18f4117 \" id=\"theme-text-69d34e18f4117-content\">\n    <p>Oleme eestimaine, hoolivate Eesti inimeste poolt asutatud ja juhitud sotsiaalne ettev\u00f5tmine aastast 2010<\/strong>. Oleme esimene, kes tegi personaalse h\u00e4irenuputeenuse<\/strong> professionaalsel tasemel k\u00e4ttesaadavaks igale inimesele igas Eesti kodus, olgu see pealinna kortermajas v\u00f5i \u00fcksikus metsatalus Haanja metsades. Alates 2010. aastast olema osutanud Medi h\u00e4irenuputeenust juba tuhandetele Eesti elanikele, nii eakatele kui ka (erivajadustega) noortele.<\/p>\n<p>Samuti pakume muid iseseisvat elamist toetavaid abivahendeid<\/strong> nagu automaatne ravimidosaator<\/a>, elektriline pliidivalvur<\/a> ja asukoha positsioneerija<\/a>. K\u00fcmnetele Eesti hooldekodudele pakume kaasaegseid \u00f5ekutselahendusi<\/a><\/strong> ning mitmetele suurtele ja keskmise suurusega ettev\u00f5tetele t\u00f6\u00f6tajate turvalisust t\u00f5stvaid lahendusi<\/a><\/strong>.<\/p>\n<\/div>\n\n<style>.theme-text-69d34e18f4117{color:#2C2626;font-weight:400;font-size:1rem;line-height:{inherit};margin:0 0 0 0;padding:0 0 0 0;text-align:left}.theme-text-69d34e18f4117.text-truncated{display:-webkit-box;-webkit-box-orient:vertical;-webkit-line-clamp:0;overflow:hidden;text-overflow:ellipsis}@media (max-width:767px){.theme-text-69d34e18f4117{font-size:.9rem;line-height:{normal};margin:0 0 0 0;padding:0 0 0 0;text-align:left}}<\/style><\/div><\/div><\/div><div id=\"pgc-5402-1-1\"  class=\"panel-grid-cell\" ><div id=\"panel-5402-1-1-0\" class=\"so-panel widget widget_theme-text panel-first-child panel-last-child\" data-index=\"2\" ><div\n\t\t\t\n\t\t\tclass=\"so-widget-theme-text so-widget-theme-text-base\"\n\t\t\t\n\t\t>\n<div class=\"theme-text-69d34e19002eb \" id=\"theme-text-69d34e19002eb-content\">\n    <p>J\u00e4tkame ja arendame oma tegevust pidevalt, et olla v\u00e4\u00e4rt partner nii Eesti eakate ja liikumisraskustega inimeste hoolivatele l\u00e4hedastele, k\u00f5ikidele omavalitsustele, hooldekodudele ja ka ettev\u00f5tetele.<\/p>\n<p>Aitame teil oma l\u00e4hedaste eest hoolt kanda!<\/strong><\/p>\n<\/div>\n\n<style>.theme-text-69d34e19002eb{color:#2C2626;font-weight:400;font-size:1rem;line-height:{inherit};margin:0 0 0 0;padding:0 0 0 0;text-align:left}.theme-text-69d34e19002eb.text-truncated{display:-webkit-box;-webkit-box-orient:vertical;-webkit-line-clamp:0;overflow:hidden;text-overflow:ellipsis}@media (max-width:767px){.theme-text-69d34e19002eb{font-size:.9rem;line-height:{normal};margin:0 0 0 0;padding:0 0 0 0;text-align:left}}<\/style><\/div><\/div><\/div><\/div><\/div><\/div><\/div>","protected":false},"excerpt":{"rendered":"<p>Meist Oleme eestimaine, hoolivate Eesti inimeste poolt asutatud ja juhitud sotsiaalne ettev\u00f5tmine aastast 2010. Oleme esimene, kes tegi personaalse h\u00e4irenuputeenuse professionaalsel tasemel k\u00e4ttesaadavaks igale inimesele igas Eesti kodus, olgu see pealinna kortermajas v\u00f5i \u00fcksikus metsatalus Haanja metsades. Alates 2010. aastast olema osutanud Medi h\u00e4irenuputeenust juba tuhandetele Eesti elanikele, nii eakatele kui ka (erivajadustega) noortele. Samuti [&hellip;]<\/p>\n","protected":false},"author":1,"featured_media":0,"parent":0,"menu_order":0,"comment_status":"closed","ping_status":"closed","template":"","meta":{"_acf_changed":false,"footnotes":""},"class_list":["post-5402","page","type-page","status-publish","hentry"],"acf":[],"yoast_head":"<!-- This site is optimized with the Yoast SEO plugin v27.1.1 - https:\/\/yoast.com\/product\/yoast-seo-wordpress\/ -->\n<title>\u041e \u043d\u0430\u0441 | Medi.ee h\u00e4irenuputeenus<\/title>\n<meta name=\"description\" content=\"Medi h\u00e4irenuputeenus on eakatele ja puuetega inimestele m\u00f5eldud sotsiaalne valveteenus, mille abil saab alati \u00fche nupuvajutusega abi kutsuda!\" \/>\n<meta name=\"robots\" content=\"index, follow, max-snippet:-1, max-image-preview:large, max-video-preview:-1\" \/>\n<link rel=\"canonical\" href=\"https:\/\/medi.ee\/ru\/\u043e-\u043d\u0430\u0441\/\" \/>\n<meta property=\"og:locale\" content=\"ru_RU\" \/>\n<meta property=\"og:type\" content=\"article\" \/>\n<meta property=\"og:title\" content=\"\u041e \u043d\u0430\u0441 | Medi.ee h\u00e4irenuputeenus\" \/>\n<meta property=\"og:description\" content=\"Medi h\u00e4irenuputeenus on eakatele ja puuetega inimestele m\u00f5eldud sotsiaalne valveteenus, mille abil saab alati \u00fche nupuvajutusega abi kutsuda!\" \/>\n<meta property=\"og:url\" content=\"https:\/\/medi.ee\/ru\/\u043e-\u043d\u0430\u0441\/\" \/>\n<meta property=\"og:site_name\" content=\"Medi.ee h\u00e4irenuputeenus\" \/>\n<meta property=\"article:publisher\" content=\"https:\/\/www.facebook.com\/medi.ee\" \/>\n<meta property=\"article:modified_time\" content=\"2025-12-23T08:18:03+00:00\" \/>\n<meta property=\"og:image\" content=\"https:\/\/medi.ee\/wp-content\/uploads\/2025\/09\/Group.jpg\" \/>\n\t<meta property=\"og:image:width\" content=\"1600\" \/>\n\t<meta property=\"og:image:height\" content=\"728\" \/>\n\t<meta property=\"og:image:type\" content=\"image\/jpeg\" \/>\n<meta name=\"twitter:card\" content=\"summary_large_image\" \/>\n<meta name=\"twitter:label1\" content=\"\u041f\u0440\u0438\u043c\u0435\u0440\u043d\u043e\u0435 \u0432\u0440\u0435\u043c\u044f \u0434\u043b\u044f \u0447\u0442\u0435\u043d\u0438\u044f\" \/>\n\t<meta name=\"twitter:data1\" content=\"1 \u043c\u0438\u043d\u0443\u0442\u0430\" \/>\n<script type=\"application\/ld+json\" class=\"yoast-schema-graph\">{\"@context\":\"https:\/\/schema.org\",\"@graph\":[{\"@type\":\"WebPage\",\"@id\":\"https:\/\/medi.ee\/ru\/%d0%be-%d0%bd%d0%b0%d1%81\/\",\"url\":\"https:\/\/medi.ee\/ru\/%d0%be-%d0%bd%d0%b0%d1%81\/\",\"name\":\"\u041e \u043d\u0430\u0441 | Medi.ee h\u00e4irenuputeenus\",\"isPartOf\":{\"@id\":\"https:\/\/medi.ee\/#website\"},\"datePublished\":\"2025-07-28T07:59:25+00:00\",\"dateModified\":\"2025-12-23T08:18:03+00:00\",\"description\":\"Medi h\u00e4irenuputeenus on eakatele ja puuetega inimestele m\u00f5eldud sotsiaalne valveteenus, mille abil saab alati \u00fche nupuvajutusega abi kutsuda!\",\"breadcrumb\":{\"@id\":\"https:\/\/medi.ee\/ru\/%d0%be-%d0%bd%d0%b0%d1%81\/#breadcrumb\"},\"inLanguage\":\"ru-RU\",\"potentialAction\":[{\"@type\":\"ReadAction\",\"target\":[\"https:\/\/medi.ee\/ru\/%d0%be-%d0%bd%d0%b0%d1%81\/\"]}]},{\"@type\":\"BreadcrumbList\",\"@id\":\"https:\/\/medi.ee\/ru\/%d0%be-%d0%bd%d0%b0%d1%81\/#breadcrumb\",\"itemListElement\":[{\"@type\":\"ListItem\",\"position\":1,\"name\":\"Home\",\"item\":\"https:\/\/medi.ee\/ru\/\"},{\"@type\":\"ListItem\",\"position\":2,\"name\":\"\u041e \u043d\u0430\u0441\"}]},{\"@type\":\"WebSite\",\"@id\":\"https:\/\/medi.ee\/#website\",\"url\":\"https:\/\/medi.ee\/\",\"name\":\"Medi.ee h\u00e4irenuputeenus\",\"description\":\"Medi osutab professionaalset h\u00e4irenuputeenust, muid iseseisva turvalise elamise lahendusi, erinevaid \u00f5ekutses\u00fcsteeme hooldekodudele ja t\u00f6\u00f6taja turvalisuse lahendusi ettev\u00f5tetele.\",\"publisher\":{\"@id\":\"https:\/\/medi.ee\/#organization\"},\"potentialAction\":[{\"@type\":\"SearchAction\",\"target\":{\"@type\":\"EntryPoint\",\"urlTemplate\":\"https:\/\/medi.ee\/?s={search_term_string}\"},\"query-input\":{\"@type\":\"PropertyValueSpecification\",\"valueRequired\":true,\"valueName\":\"search_term_string\"}}],\"inLanguage\":\"ru-RU\"},{\"@type\":\"Organization\",\"@id\":\"https:\/\/medi.ee\/#organization\",\"name\":\"Medi.ee h\u00e4irenuputeenus\",\"url\":\"https:\/\/medi.ee\/\",\"logo\":{\"@type\":\"ImageObject\",\"inLanguage\":\"ru-RU\",\"@id\":\"https:\/\/medi.ee\/#\/schema\/logo\/image\/\",\"url\":\"https:\/\/medi.ee\/wp-content\/uploads\/2025\/09\/medi-logo.jpg\",\"contentUrl\":\"https:\/\/medi.ee\/wp-content\/uploads\/2025\/09\/medi-logo.jpg\",\"width\":600,\"height\":600,\"caption\":\"Medi.ee h\u00e4irenuputeenus\"},\"image\":{\"@id\":\"https:\/\/medi.ee\/#\/schema\/logo\/image\/\"},\"sameAs\":[\"https:\/\/www.facebook.com\/medi.ee\",\"https:\/\/ee.linkedin.com\/company\/meditech-estonia\",\"https:\/\/www.instagram.com\/medi.hairenupp\/\"]}]}<\/script>\n<!-- \/ Yoast SEO plugin. -->","yoast_head_json":{"title":"\u041e \u043d\u0430\u0441 | Medi.ee h\u00e4irenuputeenus","description":"Medi h\u00e4irenuputeenus on eakatele ja puuetega inimestele m\u00f5eldud sotsiaalne valveteenus, mille abil saab alati \u00fche nupuvajutusega abi kutsuda!","robots":{"index":"index","follow":"follow","max-snippet":"max-snippet:-1","max-image-preview":"max-image-preview:large","max-video-preview":"max-video-preview:-1"},"canonical":"https:\/\/medi.ee\/ru\/\u043e-\u043d\u0430\u0441\/","og_locale":"ru_RU","og_type":"article","og_title":"\u041e \u043d\u0430\u0441 | Medi.ee h\u00e4irenuputeenus","og_description":"Medi h\u00e4irenuputeenus on eakatele ja puuetega inimestele m\u00f5eldud sotsiaalne valveteenus, mille abil saab alati \u00fche nupuvajutusega abi kutsuda!","og_url":"https:\/\/medi.ee\/ru\/\u043e-\u043d\u0430\u0441\/","og_site_name":"Medi.ee h\u00e4irenuputeenus","article_publisher":"https:\/\/www.facebook.com\/medi.ee","article_modified_time":"2025-12-23T08:18:03+00:00","og_image":[{"width":1600,"height":728,"url":"https:\/\/medi.ee\/wp-content\/uploads\/2025\/09\/Group.jpg","type":"image\/jpeg"}],"twitter_card":"summary_large_image","twitter_misc":{"\u041f\u0440\u0438\u043c\u0435\u0440\u043d\u043e\u0435 \u0432\u0440\u0435\u043c\u044f \u0434\u043b\u044f \u0447\u0442\u0435\u043d\u0438\u044f":"1 \u043c\u0438\u043d\u0443\u0442\u0430"},"schema":{"@context":"https:\/\/schema.org","@graph":[{"@type":"WebPage","@id":"https:\/\/medi.ee\/ru\/%d0%be-%d0%bd%d0%b0%d1%81\/","url":"https:\/\/medi.ee\/ru\/%d0%be-%d0%bd%d0%b0%d1%81\/","name":"\u041e \u043d\u0430\u0441 | Medi.ee h\u00e4irenuputeenus","isPartOf":{"@id":"https:\/\/medi.ee\/#website"},"datePublished":"2025-07-28T07:59:25+00:00","dateModified":"2025-12-23T08:18:03+00:00","description":"Medi h\u00e4irenuputeenus on eakatele ja puuetega inimestele m\u00f5eldud sotsiaalne valveteenus, mille abil saab alati \u00fche nupuvajutusega abi kutsuda!","breadcrumb":{"@id":"https:\/\/medi.ee\/ru\/%d0%be-%d0%bd%d0%b0%d1%81\/#breadcrumb"},"inLanguage":"ru-RU","potentialAction":[{"@type":"ReadAction","target":["https:\/\/medi.ee\/ru\/%d0%be-%d0%bd%d0%b0%d1%81\/"]}]},{"@type":"BreadcrumbList","@id":"https:\/\/medi.ee\/ru\/%d0%be-%d0%bd%d0%b0%d1%81\/#breadcrumb","itemListElement":[{"@type":"ListItem","position":1,"name":"Home","item":"https:\/\/medi.ee\/ru\/"},{"@type":"ListItem","position":2,"name":"\u041e \u043d\u0430\u0441"}]},{"@type":"WebSite","@id":"https:\/\/medi.ee\/#website","url":"https:\/\/medi.ee\/","name":"Medi.ee h\u00e4irenuputeenus","description":"Medi osutab professionaalset h\u00e4irenuputeenust, muid iseseisva turvalise elamise lahendusi, erinevaid \u00f5ekutses\u00fcsteeme hooldekodudele ja t\u00f6\u00f6taja turvalisuse lahendusi ettev\u00f5tetele.","publisher":{"@id":"https:\/\/medi.ee\/#organization"},"potentialAction":[{"@type":"SearchAction","target":{"@type":"EntryPoint","urlTemplate":"https:\/\/medi.ee\/?s={search_term_string}"},"query-input":{"@type":"PropertyValueSpecification","valueRequired":true,"valueName":"search_term_string"}}],"inLanguage":"ru-RU"},{"@type":"Organization","@id":"https:\/\/medi.ee\/#organization","name":"Medi.ee h\u00e4irenuputeenus","url":"https:\/\/medi.ee\/","logo":{"@type":"ImageObject","inLanguage":"ru-RU","@id":"https:\/\/medi.ee\/#\/schema\/logo\/image\/","url":"https:\/\/medi.ee\/wp-content\/uploads\/2025\/09\/medi-logo.jpg","contentUrl":"https:\/\/medi.ee\/wp-content\/uploads\/2025\/09\/medi-logo.jpg","width":600,"height":600,"caption":"Medi.ee h\u00e4irenuputeenus"},"image":{"@id":"https:\/\/medi.ee\/#\/schema\/logo\/image\/"},"sameAs":["https:\/\/www.facebook.com\/medi.ee","https:\/\/ee.linkedin.com\/company\/meditech-estonia","https:\/\/www.instagram.com\/medi.hairenupp\/"]}]}},"_links":{"self":[{"href":"https:\/\/medi.ee\/ru\/wp-json\/wp\/v2\/pages\/5402","targetHints":{"allow":["GET"]}}],"collection":[{"href":"https:\/\/medi.ee\/ru\/wp-json\/wp\/v2\/pages"}],"about":[{"href":"https:\/\/medi.ee\/ru\/wp-json\/wp\/v2\/types\/page"}],"author":[{"embeddable":true,"href":"https:\/\/medi.ee\/ru\/wp-json\/wp\/v2\/users\/1"}],"replies":[{"embeddable":true,"href":"https:\/\/medi.ee\/ru\/wp-json\/wp\/v2\/comments?post=5402"}],"version-history":[{"count":3,"href":"https:\/\/medi.ee\/ru\/wp-json\/wp\/v2\/pages\/5402\/revisions"}],"predecessor-version":[{"id":5427,"href":"https:\/\/medi.ee\/ru\/wp-json\/wp\/v2\/pages\/5402\/revisions\/5427"}],"wp:attachment":[{"href":"https:\/\/medi.ee\/ru\/wp-json\/wp\/v2\/media?parent=5402"}],"curies":[{"name":"wp","href":"https:\/\/api.w.org\/{rel}","templated":true}]}}